{"id":157129,"date":"2025-05-07T11:56:32","date_gmt":"2025-05-07T11:56:32","guid":{"rendered":"https:\/\/umegagroup.com\/contacts\/"},"modified":"2025-07-21T07:48:47","modified_gmt":"2025-07-21T07:48:47","slug":"kontaktai","status":"publish","type":"page","link":"https:\/\/umegagroup.com\/lt\/kontaktai\/","title":{"rendered":"Kontaktai"},"content":{"rendered":"<div class=\"wpb-content-wrapper\"><p>[vc_row unlock_row_content=&#8221;yes&#8221; row_height_percent=&#8221;0&#8243; override_padding=&#8221;yes&#8221; h_padding=&#8221;5&#8243; top_padding=&#8221;7&#8243; bottom_padding=&#8221;4&#8243; back_image=&#8221;155934&#8243; back_repeat=&#8221;no-repeat&#8221; back_position=&#8221;center top&#8221; overlay_alpha=&#8221;50&#8243; overlay_color_blend=&#8221;multiply&#8221; overlay_animated=&#8221;yes&#8221; overlay_animated_speed=&#8221;100&#8243; overlay_animated_size=&#8221;0.7&#8243; gutter_size=&#8221;3&#8243; column_width_percent=&#8221;100&#8243; shift_y=&#8221;0&#8243; z_index=&#8221;0&#8243; content_parallax=&#8221;0&#8243; uncode_shortcode_id=&#8221;791174&#8243; overlay_animated_1_color_type=&#8221;uncode-solid&#8221; overlay_animated_1_color_solid=&#8221;#518883&#8243; overlay_animated_2_color_type=&#8221;uncode-solid&#8221; overlay_animated_2_color_solid=&#8221;#74faba&#8221;][vc_column width=&#8221;1\/1&#8243;][vc_row_inner][vc_column_inner width=&#8221;1\/1&#8243;][vc_custom_heading auto_text=&#8221;yes&#8221; text_color=&#8221;color-xsdn&#8221; heading_semantic=&#8221;h1&#8243; text_font=&#8221;font-197714&#8243; text_size=&#8221;fontsize-338686&#8243; text_weight=&#8221;300&#8243; text_space=&#8221;fontspace-111509&#8243; uncode_shortcode_id=&#8221;513820&#8243; text_color_type=&#8221;uncode-palette&#8221;]This is a custom heading element.[\/vc_custom_heading][\/vc_column_inner][\/vc_row_inner][\/vc_column][\/vc_row][vc_row unlock_row_content=&#8221;yes&#8221; row_height_percent=&#8221;0&#8243; override_padding=&#8221;yes&#8221; h_padding=&#8221;5&#8243; top_padding=&#8221;3&#8243; bottom_padding=&#8221;3&#8243; overlay_alpha=&#8221;50&#8243; gutter_size=&#8221;3&#8243; column_width_percent=&#8221;100&#8243; shift_y=&#8221;0&#8243; z_index=&#8221;0&#8243; content_parallax=&#8221;0&#8243; uncode_shortcode_id=&#8221;194946&#8243;][vc_column column_width_percent=&#8221;100&#8243; position_vertical=&#8221;middle&#8221; gutter_size=&#8221;4&#8243; overlay_alpha=&#8221;50&#8243; shift_x=&#8221;0&#8243; shift_y=&#8221;0&#8243; shift_y_down=&#8221;0&#8243; z_index=&#8221;0&#8243; medium_width=&#8221;0&#8243; mobile_width=&#8221;0&#8243; width=&#8221;1\/2&#8243; uncode_shortcode_id=&#8221;938969&#8243;][vc_row_inner row_inner_height_percent=&#8221;0&#8243; overlay_alpha=&#8221;50&#8243; equal_height=&#8221;yes&#8221; gutter_size=&#8221;3&#8243; shift_y=&#8221;0&#8243; z_index=&#8221;0&#8243; uncode_shortcode_id=&#8221;424167&#8243;][vc_column_inner column_width_percent=&#8221;100&#8243; position_vertical=&#8221;middle&#8221; gutter_size=&#8221;3&#8243; overlay_alpha=&#8221;50&#8243; shift_x=&#8221;0&#8243; shift_y=&#8221;0&#8243; shift_y_down=&#8221;0&#8243; z_index=&#8221;0&#8243; medium_width=&#8221;0&#8243; mobile_width=&#8221;0&#8243; width=&#8221;1\/1&#8243; uncode_shortcode_id=&#8221;338401&#8243;][vc_custom_heading text_font=&#8221;font-197714&#8243; text_weight=&#8221;300&#8243; text_space=&#8221;fontspace-111509&#8243; uncode_shortcode_id=&#8221;133048&#8243;]<a href=\"tel:+370 626 42079\">+370 626 42079<\/a>[\/vc_custom_heading][vc_custom_heading text_font=&#8221;font-197714&#8243; text_weight=&#8221;300&#8243; text_space=&#8221;fontspace-111509&#8243; uncode_shortcode_id=&#8221;133180&#8243;]<a href=\"mailto:info@umegagroup.com\">info@umegagroup.com<\/a>[\/vc_custom_heading][\/vc_column_inner][\/vc_row_inner][\/vc_column][vc_column column_width_percent=&#8221;100&#8243; position_vertical=&#8221;middle&#8221; gutter_size=&#8221;3&#8243; override_padding=&#8221;yes&#8221; column_padding=&#8221;3&#8243; overlay_alpha=&#8221;50&#8243; radius=&#8221;lg&#8221; shift_x=&#8221;0&#8243; shift_y=&#8221;0&#8243; shift_y_down=&#8221;0&#8243; z_index=&#8221;0&#8243; medium_width=&#8221;0&#8243; mobile_width=&#8221;0&#8243; width=&#8221;1\/2&#8243; uncode_shortcode_id=&#8221;745845&#8243; back_color_type=&#8221;uncode-solid&#8221; back_color_solid=&#8221;#e8e2d7&#8243; css=&#8221;.vc_custom_1746621320595{padding-left: 80px !important;}&#8221;][vc_custom_heading text_font=&#8221;font-197714&#8243; text_weight=&#8221;300&#8243; text_space=&#8221;fontspace-111509&#8243; uncode_shortcode_id=&#8221;670255&#8243;]Umega Group, AB[\/vc_custom_heading][vc_column_text text_color=&#8221;color-prif&#8221; uncode_shortcode_id=&#8221;169640&#8243; el_class=&#8221;underline-list&#8221; text_color_type=&#8221;uncode-palette&#8221;]\u012emon\u0117s kodas: 126334727<br \/>\nPVM #: LT263347219<br \/>\nMetalo g. 5, LT-28216 Utena, Lithuania[\/vc_column_text][\/vc_column][\/vc_row][vc_row][vc_column width=&#8221;1\/1&#8243;][uncode_block id=&#8221;157132&#8243;][\/vc_column][\/vc_row][vc_row unlock_row_content=&#8221;yes&#8221; row_height_percent=&#8221;0&#8243; override_padding=&#8221;yes&#8221; h_padding=&#8221;5&#8243; top_padding=&#8221;2&#8243; bottom_padding=&#8221;4&#8243; overlay_alpha=&#8221;50&#8243; gutter_size=&#8221;3&#8243; column_width_percent=&#8221;100&#8243; shift_y=&#8221;0&#8243; z_index=&#8221;0&#8243; content_parallax=&#8221;0&#8243; uncode_shortcode_id=&#8221;334559&#8243; el_id=&#8221;report-form&#8221;][vc_column width=&#8221;1\/1&#8243;][vc_custom_heading heading_semantic=&#8221;h3&#8243; text_font=&#8221;font-197714&#8243; text_weight=&#8221;300&#8243; text_space=&#8221;fontspace-781688&#8243; uncode_shortcode_id=&#8221;124968&#8243;]Skaidrumo ataskaitos forma[\/vc_custom_heading][vc_column_text text_color=&#8221;color-673602&#8243; uncode_shortcode_id=&#8221;644062&#8243; text_color_type=&#8221;uncode-palette&#8221;]Mes \u012fsipareigojame u\u017etikrinti anonimi\u0161kum\u0105 ir pateiktos informacijos konfidencialum\u0105, tod\u0117l raginame pateikti kuo daugiau informacijos ir palikti savo kontaktinius duomenis \u2013 kuo daugiau duomen\u0173 tur\u0117sime, tuo i\u0161samiau gal\u0117sime i\u0161analizuoti pa\u017eeidim\u0105. A\u010di\u016b u\u017e j\u016bs\u0173 r\u016bpest\u012f![\/vc_column_text][vc_empty_space empty_h=&#8221;2&#8243;]\n<div class=\"wpcf7 no-js\" id=\"wpcf7-f157138-o1\" lang=\"lt-LT\" dir=\"ltr\" data-wpcf7-id=\"157138\">\n<div class=\"screen-reader-response\"><p role=\"status\" aria-live=\"polite\" aria-atomic=\"true\"><\/p> <ul><\/ul><\/div>\n<form action=\"\/lt\/wp-json\/wp\/v2\/pages\/157129#wpcf7-f157138-o1\" method=\"post\" class=\"wpcf7-form init input-underline form-no-labels\" aria-label=\"Kontakt\u0173 forma\" novalidate=\"novalidate\" data-status=\"init\">\n<fieldset class=\"hidden-fields-container\"><input type=\"hidden\" name=\"_wpcf7\" value=\"157138\" \/><input type=\"hidden\" name=\"_wpcf7_version\" value=\"6.1\" \/><input type=\"hidden\" name=\"_wpcf7_locale\" value=\"lt_LT\" \/><input type=\"hidden\" name=\"_wpcf7_unit_tag\" value=\"wpcf7-f157138-o1\" \/><input type=\"hidden\" name=\"_wpcf7_container_post\" value=\"0\" \/><input type=\"hidden\" name=\"_wpcf7_posted_data_hash\" value=\"\" \/>\n<\/fieldset>\n<p class=\"half\"><span class=\"wpcf7-form-control-wrap\" data-name=\"select-676\"><select class=\"wpcf7-form-control wpcf7-select wpcf7-validates-as-required\" aria-required=\"true\" aria-invalid=\"false\" name=\"select-676\"><option value=\"\">Grup\u0117s \u012fmon\u0117, kurioje galimai \u012fvyko pa\u017eeidimas<\/option><option value=\"Umega Group, AB\">Umega Group, AB<\/option><option value=\"Hennordic, UAB\">Hennordic, UAB<\/option><option value=\"Hentech, UAB\">Hentech, UAB<\/option><option value=\"Umega Agro, UAB\">Umega Agro, UAB<\/option><option value=\"Snoltherm, UAB\">Snoltherm, UAB<\/option><option value=\"Snolvalda, UAB\">Snolvalda, UAB<\/option><option value=\"Walter Th. Hennecke GmbH\">Walter Th. Hennecke GmbH<\/option><option value=\"SnolTherm GmbH\">SnolTherm GmbH<\/option><\/select><\/span>\n<\/p>\n<p class=\"half\"><span class=\"wpcf7-form-control-wrap\" data-name=\"text-658\"><input size=\"40\" maxlength=\"400\" class=\"wpcf7-form-control wpcf7-text\" aria-invalid=\"false\" placeholder=\"Padalinys \/ skyrius, kuriame galimai \u012fvyko pa\u017eeidimas\" value=\"\" type=\"text\" name=\"text-658\" \/><\/span>\n<\/p>\n<p class=\"full\"><span class=\"wpcf7-form-control-wrap\" data-name=\"select-686\"><select class=\"wpcf7-form-control wpcf7-select wpcf7-validates-as-required\" aria-required=\"true\" aria-invalid=\"false\" name=\"select-686\"><option value=\"\">Tema, susijusi su galimu pa\u017eeidimu<\/option><option value=\"Verslo etika\">Verslo etika<\/option><option value=\"Eti\u0161kas \u012fdarbinimas\">Eti\u0161kas \u012fdarbinimas<\/option><option value=\"Lygios galimyb\u0117s\">Lygios galimyb\u0117s<\/option><option value=\"\u017dmogaus teis\u0117s\">\u017dmogaus teis\u0117s<\/option><option value=\"Aplinkosauga\">Aplinkosauga<\/option><option value=\"Tiek\u0117jai\">Tiek\u0117jai<\/option><option value=\"Smurtas ir priekabiavimas\">Smurtas ir priekabiavimas<\/option><option value=\"Kita\">Kita<\/option><\/select><\/span>\n<\/p>\n<p class=\"form-text\">I\u0161samiai apra\u0161ykite situacij\u0105, kuri jums kelia susir\u016bpinim\u0105: vieta, laikas, dalyviai ir kitos aplinkyb\u0117s, kurios j\u016bs\u0173 manymu yra svarbios.\n<\/p>\n<p class=\"full\"><span class=\"wpcf7-form-control-wrap\" data-name=\"textarea-513\"><textarea cols=\"40\" rows=\"10\" maxlength=\"2000\" class=\"wpcf7-form-control wpcf7-textarea\" aria-invalid=\"false\" placeholder=\"J\u016bs\u0173 prane\u0161imas\" name=\"textarea-513\"><\/textarea><\/span>\n<\/p>\n<p class=\"full\"><span class=\"wpcf7-form-control-wrap\" data-name=\"mfile-144\"><input size=\"40\" class=\"wpcf7-form-control wpcf7-drag-n-drop-file d-none\" aria-invalid=\"false\" type=\"file\" multiple=\"multiple\" data-name=\"mfile-144\" data-type=\"pdf|jpg|png|txt\" data-limit=\"500000\" data-min=\"0\" data-max=\"5\" data-id=\"157138\" data-version=\"free version 1.3.9.0\" accept=\".pdf, .jpg, .png, .txt\" \/><\/span>\n<\/p>\n<p class=\"form-text\">Jei sutinkate, pateikite savo kontaktinius duomenis, kad prireikus gal\u0117tume susisiekti d\u0117l papildomo situacijos paai\u0161kinimo. Anoniminio prane\u0161imo atveju kyla rizika, kad negal\u0117sime tinkamai i\u0161analizuoti situacijos, nes netur\u0117sime galimyb\u0117s pasitikslinti aplinkybi\u0173 su prane\u0161\u0117ju.\n<\/p>\n<p class=\"half\"><span class=\"wpcf7-form-control-wrap\" data-name=\"text-668\"><input size=\"40\" maxlength=\"400\" class=\"wpcf7-form-control wpcf7-text\" aria-invalid=\"false\" placeholder=\"Vardas ir pavard\u0117 (neb\u016btina)\" value=\"\" type=\"text\" name=\"text-668\" \/><\/span>\n<\/p>\n<p class=\"half\"><span class=\"wpcf7-form-control-wrap\" data-name=\"text-688\"><input size=\"40\" maxlength=\"400\" class=\"wpcf7-form-control wpcf7-text\" aria-invalid=\"false\" placeholder=\"Telefono numeris ir\/arba el. pa\u0161tas (neb\u016btina)\" value=\"\" type=\"text\" name=\"text-688\" \/><\/span>\n<\/p>\n<p class=\"form-text\">Pra\u0161ome nenurodyti jokios jautrios asmenin\u0117s informacijos (pvz., sveikatos duomen\u0173, finansin\u0117s informacijos, etnin\u0117s kilm\u0117s, religijos, seksualin\u0117s orientacijos ir pan.) apie bet kur\u012f prane\u0161ime min\u0117t\u0105 asmen\u012f, nebent tai yra b\u016btina situacijai apib\u016bdinti. Atkreipkite d\u0117mes\u012f, kad pateikus prane\u0161im\u0105, jo daugiau nebegal\u0117site per\u017ei\u016br\u0117ti. Jei pageidaujate, i\u0161saugokite kopij\u0105 savo archyvui.\n<\/p>\n<p><input class=\"wpcf7-form-control wpcf7-submit has-spinner btn btn-accent\" type=\"submit\" value=\"Pateikti\" \/><br \/>\n<span id=\"wpcf7-69e7b6990a654-wrapper\" class=\"wpcf7-form-control-wrap mobile-wrap\" ><input type=\"hidden\" name=\"mobile-time-start\" value=\"1776793241\"><input type=\"hidden\" name=\"mobile-time-check\" value=\"4\"><label for=\"asfqwerx123\" class=\"hp-message\">Palikite \u0161\u012f lauk\u0105 tu\u0161\u010di\u0105.<\/label><input id=\"asfqwerx123\"  class=\"wpcf7-form-control wpcf7-text sdf123\" type=\"text\" name=\"mobile\" value=\"\" size=\"40\" tabindex=\"-1\" autocomplete=\"new-password\" \/><\/span>\n<\/p><p style=\"display: none !important;\" class=\"akismet-fields-container\" data-prefix=\"_wpcf7_ak_\"><label>&#916;<textarea name=\"_wpcf7_ak_hp_textarea\" cols=\"45\" rows=\"8\" maxlength=\"100\"><\/textarea><\/label><input type=\"hidden\" id=\"ak_js_1\" name=\"_wpcf7_ak_js\" value=\"35\"\/><script>document.getElementById( \"ak_js_1\" ).setAttribute( \"value\", ( new Date() ).getTime() );<\/script><\/p><div class=\"wpcf7-response-output\" aria-hidden=\"true\"><\/div>\n<\/form>\n<\/div>\n[vc_empty_space empty_h=&#8221;2&#8243;][\/vc_column][\/vc_row]<\/p>\n<\/div>","protected":false},"excerpt":{"rendered":"<p>[vc_row unlock_row_content=&#8221;yes&#8221; row_height_percent=&#8221;0&#8243; override_padding=&#8221;yes&#8221; h_padding=&#8221;5&#8243; top_padding=&#8221;7&#8243; bottom_padding=&#8221;4&#8243; back_image=&#8221;155934&#8243; back_repeat=&#8221;no-repeat&#8221; back_position=&#8221;center top&#8221; overlay_alpha=&#8221;50&#8243; overlay_color_blend=&#8221;multiply&#8221; overlay_animated=&#8221;yes&#8221; overlay_animated_speed=&#8221;100&#8243; overlay_animated_size=&#8221;0.7&#8243; gutter_size=&#8221;3&#8243; column_width_percent=&#8221;100&#8243; shift_y=&#8221;0&#8243; z_index=&#8221;0&#8243; [&hellip;]<\/p>\n","protected":false},"author":1,"featured_media":0,"parent":0,"menu_order":0,"comment_status":"closed","ping_status":"closed","template":"","meta":{"footnotes":""},"class_list":["post-157129","page","type-page","status-publish","hentry"],"_links":{"self":[{"href":"https:\/\/umegagroup.com\/lt\/wp-json\/wp\/v2\/pages\/157129","targetHints":{"allow":["GET"]}}],"collection":[{"href":"https:\/\/umegagroup.com\/lt\/wp-json\/wp\/v2\/pages"}],"about":[{"href":"https:\/\/umegagroup.com\/lt\/wp-json\/wp\/v2\/types\/page"}],"author":[{"embeddable":true,"href":"https:\/\/umegagroup.com\/lt\/wp-json\/wp\/v2\/users\/1"}],"replies":[{"embeddable":true,"href":"https:\/\/umegagroup.com\/lt\/wp-json\/wp\/v2\/comments?post=157129"}],"version-history":[{"count":4,"href":"https:\/\/umegagroup.com\/lt\/wp-json\/wp\/v2\/pages\/157129\/revisions"}],"predecessor-version":[{"id":157137,"href":"https:\/\/umegagroup.com\/lt\/wp-json\/wp\/v2\/pages\/157129\/revisions\/157137"}],"wp:attachment":[{"href":"https:\/\/umegagroup.com\/lt\/wp-json\/wp\/v2\/media?parent=157129"}],"curies":[{"name":"wp","href":"https:\/\/api.w.org\/{rel}","templated":true}]}}