{"id":157119,"date":"2025-05-05T09:55:29","date_gmt":"2025-05-05T09:55:29","guid":{"rendered":"https:\/\/umegagroup.com\/committed-to-sustainability\/"},"modified":"2025-10-28T13:19:31","modified_gmt":"2025-10-28T13:19:31","slug":"isipareigojimas-tvarumui","status":"publish","type":"page","link":"https:\/\/umegagroup.com\/lt\/isipareigojimas-tvarumui\/","title":{"rendered":"\u012esipareigojimas tvarumui"},"content":{"rendered":"<div class=\"wpb-content-wrapper\"><p>[vc_row unlock_row_content=&#8221;yes&#8221; row_height_percent=&#8221;0&#8243; override_padding=&#8221;yes&#8221; h_padding=&#8221;5&#8243; top_padding=&#8221;7&#8243; bottom_padding=&#8221;4&#8243; back_image=&#8221;155934&#8243; back_repeat=&#8221;no-repeat&#8221; back_position=&#8221;center top&#8221; overlay_alpha=&#8221;50&#8243; overlay_color_blend=&#8221;multiply&#8221; overlay_animated=&#8221;yes&#8221; overlay_animated_speed=&#8221;100&#8243; overlay_animated_size=&#8221;0.7&#8243; gutter_size=&#8221;3&#8243; column_width_percent=&#8221;100&#8243; shift_y=&#8221;0&#8243; z_index=&#8221;0&#8243; content_parallax=&#8221;0&#8243; uncode_shortcode_id=&#8221;791174&#8243; overlay_animated_1_color_type=&#8221;uncode-solid&#8221; overlay_animated_1_color_solid=&#8221;#518883&#8243; overlay_animated_2_color_type=&#8221;uncode-solid&#8221; overlay_animated_2_color_solid=&#8221;#74faba&#8221;][vc_column width=&#8221;1\/1&#8243;][vc_row_inner][vc_column_inner width=&#8221;1\/1&#8243;][vc_custom_heading auto_text=&#8221;yes&#8221; text_color=&#8221;color-xsdn&#8221; heading_semantic=&#8221;h1&#8243; text_font=&#8221;font-197714&#8243; text_size=&#8221;fontsize-338686&#8243; text_weight=&#8221;300&#8243; text_space=&#8221;fontspace-111509&#8243; uncode_shortcode_id=&#8221;513820&#8243; text_color_type=&#8221;uncode-palette&#8221;]This is a custom heading element.[\/vc_custom_heading][\/vc_column_inner][\/vc_row_inner][\/vc_column][\/vc_row][vc_row unlock_row_content=&#8221;yes&#8221; row_height_percent=&#8221;0&#8243; override_padding=&#8221;yes&#8221; h_padding=&#8221;5&#8243; top_padding=&#8221;0&#8243; bottom_padding=&#8221;5&#8243; overlay_alpha=&#8221;50&#8243; gutter_size=&#8221;3&#8243; column_width_percent=&#8221;100&#8243; shift_y=&#8221;0&#8243; z_index=&#8221;0&#8243; content_parallax=&#8221;0&#8243; uncode_shortcode_id=&#8221;666087&#8243;][vc_column column_width_percent=&#8221;100&#8243; gutter_size=&#8221;4&#8243; overlay_alpha=&#8221;50&#8243; shift_x=&#8221;0&#8243; shift_y=&#8221;0&#8243; shift_y_down=&#8221;0&#8243; z_index=&#8221;0&#8243; medium_width=&#8221;0&#8243; mobile_width=&#8221;0&#8243; width=&#8221;1\/1&#8243; uncode_shortcode_id=&#8221;730276&#8243;][vc_empty_space empty_h=&#8221;3&#8243;][vc_row_inner row_inner_height_percent=&#8221;0&#8243; overlay_alpha=&#8221;50&#8243; gutter_size=&#8221;5&#8243; shift_y=&#8221;0&#8243; z_index=&#8221;0&#8243; limit_content=&#8221;&#8221; uncode_shortcode_id=&#8221;491057&#8243;][vc_column_inner column_width_percent=&#8221;100&#8243; gutter_size=&#8221;5&#8243; overlay_alpha=&#8221;50&#8243; shift_x=&#8221;0&#8243; shift_y=&#8221;0&#8243; shift_y_down=&#8221;0&#8243; z_index=&#8221;0&#8243; medium_visibility=&#8221;yes&#8221; medium_width=&#8221;0&#8243; mobile_width=&#8221;0&#8243; width=&#8221;1\/2&#8243; uncode_shortcode_id=&#8221;155797&#8243;][vc_custom_heading heading_semantic=&#8221;h3&#8243; text_font=&#8221;font-197714&#8243; text_weight=&#8221;300&#8243; text_space=&#8221;fontspace-111509&#8243; uncode_shortcode_id=&#8221;434363&#8243;]Tvarumas \u2013 tai kryptis, jungianti visas m\u016bs\u0173 \u012fmoni\u0173 veiklos sritis. Augame ir siekiame pa\u017eangos, u\u017etikriname, kad<br \/>\nvisos suinteresuotosios pus\u0117s suprast\u0173 m\u016bs\u0173 tikslus ir veiksmus, vedan\u010dius \u012f tvari\u0105 organizacij\u0105.[\/vc_custom_heading][vc_column_text uncode_shortcode_id=&#8221;209794&#8243; el_class=&#8221;styled-list&#8221;]Kvie\u010diame susipa\u017einti su dokumentais, kurie atskleid\u017eia m\u016bs\u0173 atsidavim\u0105 ir nuolatines pastangas ie\u0161koti sprendim\u0173, padedan\u010di\u0173 kuo geriau apsaugoti \u017emones ir aplink\u0105.[\/vc_column_text][\/vc_column_inner][vc_column_inner column_width_percent=&#8221;100&#8243; position_vertical=&#8221;justify&#8221; gutter_size=&#8221;3&#8243; overlay_alpha=&#8221;50&#8243; shift_x=&#8221;0&#8243; shift_y=&#8221;0&#8243; shift_y_down=&#8221;0&#8243; z_index=&#8221;0&#8243; medium_width=&#8221;0&#8243; mobile_width=&#8221;0&#8243; width=&#8221;1\/2&#8243; uncode_shortcode_id=&#8221;841976&#8243;][vc_single_image media=&#8221;157460&#8243; media_width_percent=&#8221;100&#8243; shape=&#8221;img-round&#8221; radius=&#8221;lg&#8221; advanced=&#8221;yes&#8221; media_overlay_opacity=&#8221;50&#8243; media_overlay_anim=&#8221;no&#8221; media_text_anim=&#8221;no&#8221; media_image_anim=&#8221;scroll&#8221; media_image_scroll=&#8221;zoom&#8221; media_image_scroll_val=&#8221;5&#8243; media_padding=&#8221;2&#8243; uncode_shortcode_id=&#8221;553601&#8243;][\/vc_column_inner][\/vc_row_inner][\/vc_column][\/vc_row][vc_row unlock_row_content=&#8221;yes&#8221; row_height_percent=&#8221;0&#8243; override_padding=&#8221;yes&#8221; h_padding=&#8221;5&#8243; top_padding=&#8221;2&#8243; bottom_padding=&#8221;2&#8243; overlay_alpha=&#8221;50&#8243; gutter_size=&#8221;3&#8243; column_width_percent=&#8221;100&#8243; shift_y=&#8221;0&#8243; z_index=&#8221;0&#8243; content_parallax=&#8221;0&#8243; uncode_shortcode_id=&#8221;957141&#8243;][vc_column width=&#8221;1\/1&#8243;][vc_custom_heading text_color=&#8221;color-673602&#8243; heading_semantic=&#8221;h6&#8243; text_font=&#8221;font-197714&#8243; text_size=&#8221;h6&#8243; text_weight=&#8221;400&#8243; text_space=&#8221;fontspace-781688&#8243; badge_style=&#8221;yes&#8221; radius=&#8221;xl&#8221; uncode_shortcode_id=&#8221;524197&#8243; back_color_type=&#8221;uncode-solid&#8221; text_color_type=&#8221;uncode-palette&#8221; back_color_solid=&#8221;#e8e2d7&#8243;]Susipa\u017einkite su m\u016bs\u0173 ataskaitomis ir politika[\/vc_custom_heading][\/vc_column][\/vc_row][vc_row unlock_row_content=&#8221;yes&#8221; row_height_percent=&#8221;0&#8243; override_padding=&#8221;yes&#8221; h_padding=&#8221;5&#8243; top_padding=&#8221;2&#8243; bottom_padding=&#8221;4&#8243; overlay_alpha=&#8221;50&#8243; equal_height=&#8221;yes&#8221; gutter_size=&#8221;3&#8243; column_width_percent=&#8221;100&#8243; shift_y=&#8221;0&#8243; z_index=&#8221;0&#8243; content_parallax=&#8221;0&#8243; uncode_shortcode_id=&#8221;309876&#8243;][vc_column column_width_percent=&#8221;100&#8243; position_vertical=&#8221;justify&#8221; gutter_size=&#8221;3&#8243; override_padding=&#8221;yes&#8221; column_padding=&#8221;2&#8243; back_image=&#8221;156683&#8243; overlay_alpha=&#8221;100&#8243; radius=&#8221;lg&#8221; shift_x=&#8221;0&#8243; shift_y=&#8221;0&#8243; shift_y_down=&#8221;0&#8243; z_index=&#8221;0&#8243; medium_width=&#8221;0&#8243; mobile_width=&#8221;0&#8243; width=&#8221;5\/12&#8243; uncode_shortcode_id=&#8221;478080&#8243; overlay_color_type=&#8221;uncode-gradient&#8221; overlay_color_gradient=&#8221;{&#8222;css&#8222;:&#8222;background: linear-gradient(to bottom , rgb(31, 39, 27) 31% , rgba(31, 39, 27, 0.75) 100%);&#8222;,&#8222;sliders&#8222;:`{`{&#8222;color&#8222;:&#8222;rgb(31, 39, 27)&#8222;,&#8222;position&#8222;:31},{&#8222;color&#8222;:&#8222;rgba(31, 39, 27, 0.75)&#8222;,&#8222;position&#8222;:100}`}`,&#8222;type&#8222;:&#8222;linear&#8222;,&#8222;direction&#8222;:&#8222;top&#8222;}&#8221;][vc_row_inner][vc_column_inner width=&#8221;1\/1&#8243;][vc_empty_space empty_h=&#8221;0&#8243;][vc_custom_heading heading_semantic=&#8221;h6&#8243; text_font=&#8221;font-197714&#8243; text_size=&#8221;h6&#8243; text_weight=&#8221;400&#8243; text_space=&#8221;fontspace-781688&#8243; badge_style=&#8221;yes&#8221; radius=&#8221;xl&#8221; uncode_shortcode_id=&#8221;270888&#8243; back_color_type=&#8221;uncode-solid&#8221; text_color_type=&#8221;uncode-solid&#8221; back_color_solid=&#8221;rgba(255,255,255,0.2)&#8221; text_color_solid=&#8221;#ffffff&#8221;]Atsisi\u0173sti[\/vc_custom_heading][vc_empty_space empty_h=&#8221;1&#8243;][vc_custom_heading heading_semantic=&#8221;h3&#8243; text_font=&#8221;font-197714&#8243; uncode_shortcode_id=&#8221;432293&#8243; text_color_type=&#8221;uncode-solid&#8221; text_color_solid=&#8221;#e8e2d7&#8243;]Tvarumo ataskaitos[\/vc_custom_heading][\/vc_column_inner][\/vc_row_inner][vc_row_inner row_inner_height_percent=&#8221;0&#8243; overlay_alpha=&#8221;50&#8243; gutter_size=&#8221;2&#8243; shift_y=&#8221;0&#8243; z_index=&#8221;0&#8243; uncode_shortcode_id=&#8221;191352&#8243;][vc_column_inner width=&#8221;1\/2&#8243;][vc_button button_color=&#8221;color-uydo&#8221; size=&#8221;btn-xl&#8221; radius=&#8221;btn-circle&#8221; border_animation=&#8221;btn-ripple-in&#8221; wide=&#8221;yes&#8221; outline=&#8221;yes&#8221; border_width=&#8221;1&#8243; link=&#8221;url:https%3A%2F%2Fumegagroup.com%2Fwp-content%2Fuploads%2F2025%2F09%2FTvarumo-ataskaita-Umega-2024.pdf|target:_blank&#8221; icon=&#8221;fa fa-download5&#8243; uncode_shortcode_id=&#8221;939441&#8243; button_color_type=&#8221;uncode-palette&#8221;]2024 [PDF][\/vc_button][\/vc_column_inner][vc_column_inner column_width_percent=&#8221;100&#8243; gutter_size=&#8221;3&#8243; overlay_alpha=&#8221;50&#8243; radius=&#8221;lg&#8221; border_style=&#8221;solid&#8221; shift_x=&#8221;0&#8243; shift_y=&#8221;0&#8243; shift_y_down=&#8221;0&#8243; z_index=&#8221;0&#8243; medium_width=&#8221;0&#8243; mobile_width=&#8221;0&#8243; width=&#8221;1\/2&#8243; uncode_shortcode_id=&#8221;103280&#8243; border_color_type=&#8221;uncode-solid&#8221; border_color_solid=&#8221;#ffffff&#8221;][\/vc_column_inner][\/vc_row_inner][\/vc_column][vc_column column_width_percent=&#8221;100&#8243; gutter_size=&#8221;3&#8243; override_padding=&#8221;yes&#8221; column_padding=&#8221;3&#8243; overlay_alpha=&#8221;50&#8243; radius=&#8221;lg&#8221; shift_x=&#8221;0&#8243; shift_y=&#8221;0&#8243; shift_y_down=&#8221;0&#8243; z_index=&#8221;0&#8243; medium_width=&#8221;0&#8243; mobile_width=&#8221;0&#8243; width=&#8221;7\/12&#8243; uncode_shortcode_id=&#8221;341948&#8243; back_color_type=&#8221;uncode-solid&#8221; back_color_solid=&#8221;#e8e2d7&#8243;][vc_custom_heading heading_semantic=&#8221;h6&#8243; text_font=&#8221;font-197714&#8243; text_size=&#8221;h6&#8243; text_weight=&#8221;400&#8243; text_space=&#8221;fontspace-781688&#8243; badge_style=&#8221;yes&#8221; radius=&#8221;xl&#8221; uncode_shortcode_id=&#8221;401646&#8243; back_color_type=&#8221;uncode-solid&#8221; text_color_type=&#8221;uncode-solid&#8221; back_color_solid=&#8221;rgba(0,34,28,0.2)&#8221; text_color_solid=&#8221;#00221c&#8221;]Politikos[\/vc_custom_heading][vc_column_text text_lead=&#8221;yes&#8221; uncode_shortcode_id=&#8221;146418&#8243; el_class=&#8221;underline-list&#8221; css=&#8221;.vc_custom_1757053557657{padding-left: 0px !important;}&#8221;]<\/p>\n<h4><a href=\"https:\/\/umegagroup.com\/wp-content\/uploads\/2025\/08\/etiskas-verslas3.pdf\" target=\"_blank\" rel=\"noopener\">Verslo etikos kodeksas<\/a><\/h4>\n<h4><a href=\"https:\/\/umegagroup.com\/wp-content\/uploads\/2025\/08\/aplinkos-apsauga-umega.pdf\" target=\"_blank\" rel=\"noopener\">Aplinkos apsaugos politika<\/a><\/h4>\n<h4><a href=\"https:\/\/umegagroup.com\/wp-content\/uploads\/2025\/08\/etiska-darbdavyste.pdf\" target=\"_blank\" rel=\"noopener\">Darbo etikos kodeksas<\/a><\/h4>\n<h4><a href=\"https:\/\/umegagroup.com\/wp-content\/uploads\/2025\/08\/tiekeju-elgesys2.pdf\" target=\"_blank\" rel=\"noopener\">Tiek\u0117j\u0173 elgesio kodeksas<\/a><\/h4>\n<h4><a href=\"https:\/\/umegagroup.com\/wp-content\/uploads\/2025\/08\/lygios-galimybes.pdf\" target=\"_blank\" rel=\"noopener\">Lygiateisi\u0161kumo politika<\/a><\/h4>\n<h4><a href=\"https:\/\/umegagroup.com\/wp-content\/uploads\/2025\/08\/darbuotoju-sauga-umega.pdf\">Sveikatos ir saugos politika<\/a><\/h4>\n<h4><a href=\"https:\/\/umegagroup.com\/wp-content\/uploads\/2025\/08\/zmogaus-teises.pdf\" target=\"_blank\" rel=\"noopener\">\u017dmogaus teisi\u0173 politika<\/a><\/h4>\n<h4><a href=\"https:\/\/umegagroup.com\/wp-content\/uploads\/2025\/08\/smurtas-ir-priekabiavimas2.pdf\" target=\"_blank\" rel=\"noopener\">Smurto ir priekabiavimo prevencijos politika<\/a><\/h4>\n<h4><a href=\"https:\/\/umegagroup.com\/wp-content\/uploads\/2025\/09\/Kibernetinis-saugumas.pdf\" target=\"_blank\" rel=\"noopener\"><span data-olk-copy-source=\"MessageBody\">Kibernetinio saugumo politika<\/span><\/a><\/h4>\n<h4><a href=\"https:\/\/umegagroup.com\/wp-content\/uploads\/2025\/09\/Tvarus-pirkimai.pdf\" target=\"_blank\" rel=\"noopener\">Tvari\u0173 pirkim\u0173 politika<\/a><\/h4>\n<h4><a href=\"https:\/\/umegagroup.com\/wp-content\/uploads\/2025\/09\/IT-politika.pdf\" target=\"_blank\" rel=\"noopener\">IT saugumo politika<\/a><\/h4>\n<p>[\/vc_column_text][\/vc_column][\/vc_row][vc_row][vc_column width=&#8221;1\/1&#8243;][uncode_block id=&#8221;157132&#8243;][\/vc_column][\/vc_row]<\/p>\n<\/div>","protected":false},"excerpt":{"rendered":"<p>[vc_row unlock_row_content=&#8221;yes&#8221; row_height_percent=&#8221;0&#8243; override_padding=&#8221;yes&#8221; h_padding=&#8221;5&#8243; top_padding=&#8221;7&#8243; bottom_padding=&#8221;4&#8243; back_image=&#8221;155934&#8243; back_repeat=&#8221;no-repeat&#8221; back_position=&#8221;center top&#8221; overlay_alpha=&#8221;50&#8243; overlay_color_blend=&#8221;multiply&#8221; overlay_animated=&#8221;yes&#8221; overlay_animated_speed=&#8221;100&#8243; overlay_animated_size=&#8221;0.7&#8243; gutter_size=&#8221;3&#8243; column_width_percent=&#8221;100&#8243; shift_y=&#8221;0&#8243; z_index=&#8221;0&#8243; [&hellip;]<\/p>\n","protected":false},"author":1,"featured_media":0,"parent":0,"menu_order":0,"comment_status":"closed","ping_status":"closed","template":"","meta":{"footnotes":""},"class_list":["post-157119","page","type-page","status-publish","hentry"],"_links":{"self":[{"href":"https:\/\/umegagroup.com\/lt\/wp-json\/wp\/v2\/pages\/157119","targetHints":{"allow":["GET"]}}],"collection":[{"href":"https:\/\/umegagroup.com\/lt\/wp-json\/wp\/v2\/pages"}],"about":[{"href":"https:\/\/umegagroup.com\/lt\/wp-json\/wp\/v2\/types\/page"}],"author":[{"embeddable":true,"href":"https:\/\/umegagroup.com\/lt\/wp-json\/wp\/v2\/users\/1"}],"replies":[{"embeddable":true,"href":"https:\/\/umegagroup.com\/lt\/wp-json\/wp\/v2\/comments?post=157119"}],"version-history":[{"count":27,"href":"https:\/\/umegagroup.com\/lt\/wp-json\/wp\/v2\/pages\/157119\/revisions"}],"predecessor-version":[{"id":157463,"href":"https:\/\/umegagroup.com\/lt\/wp-json\/wp\/v2\/pages\/157119\/revisions\/157463"}],"wp:attachment":[{"href":"https:\/\/umegagroup.com\/lt\/wp-json\/wp\/v2\/media?parent=157119"}],"curies":[{"name":"wp","href":"https:\/\/api.w.org\/{rel}","templated":true}]}}