{"id":156975,"date":"2025-05-29T08:02:51","date_gmt":"2025-05-29T08:02:51","guid":{"rendered":"https:\/\/umegagroup.com\/pranesimu-teikimas\/"},"modified":"2025-08-03T14:52:46","modified_gmt":"2025-08-03T14:52:46","slug":"pranesimu-teikimas","status":"publish","type":"page","link":"https:\/\/umegagroup.com\/lt\/pranesimu-teikimas\/","title":{"rendered":"Prane\u0161im\u0173 teikimas"},"content":{"rendered":"<div class=\"wpb-content-wrapper\"><p>[vc_row unlock_row_content=&#8221;yes&#8221; row_height_percent=&#8221;0&#8243; override_padding=&#8221;yes&#8221; h_padding=&#8221;5&#8243; top_padding=&#8221;7&#8243; bottom_padding=&#8221;4&#8243; back_image=&#8221;155934&#8243; back_repeat=&#8221;no-repeat&#8221; back_position=&#8221;center top&#8221; overlay_alpha=&#8221;50&#8243; overlay_color_blend=&#8221;multiply&#8221; overlay_animated=&#8221;yes&#8221; overlay_animated_speed=&#8221;100&#8243; overlay_animated_size=&#8221;0.7&#8243; gutter_size=&#8221;3&#8243; column_width_percent=&#8221;100&#8243; shift_y=&#8221;0&#8243; z_index=&#8221;0&#8243; content_parallax=&#8221;0&#8243; uncode_shortcode_id=&#8221;791174&#8243; overlay_animated_1_color_type=&#8221;uncode-solid&#8221; overlay_animated_1_color_solid=&#8221;#518883&#8243; overlay_animated_2_color_type=&#8221;uncode-solid&#8221; overlay_animated_2_color_solid=&#8221;#74faba&#8221;][vc_column width=&#8221;1\/1&#8243;][vc_row_inner][vc_column_inner width=&#8221;1\/1&#8243;][vc_custom_heading auto_text=&#8221;yes&#8221; text_color=&#8221;color-xsdn&#8221; heading_semantic=&#8221;h1&#8243; text_font=&#8221;font-197714&#8243; text_size=&#8221;fontsize-338686&#8243; text_weight=&#8221;300&#8243; text_space=&#8221;fontspace-111509&#8243; uncode_shortcode_id=&#8221;513820&#8243; text_color_type=&#8221;uncode-palette&#8221;]Tai pasirinktinis antra\u0161t\u0117s elementas.[\/vc_custom_heading][\/vc_column_inner][\/vc_row_inner][\/vc_column][\/vc_row][vc_row unlock_row_content=&#8221;yes&#8221; row_height_percent=&#8221;0&#8243; override_padding=&#8221;yes&#8221; h_padding=&#8221;5&#8243; top_padding=&#8221;2&#8243; bottom_padding=&#8221;2&#8243; overlay_alpha=&#8221;50&#8243; gutter_size=&#8221;3&#8243; column_width_percent=&#8221;100&#8243; shift_y=&#8221;0&#8243; z_index=&#8221;0&#8243; content_parallax=&#8221;0&#8243; uncode_shortcode_id=&#8221;182143&#8243;][vc_column column_width_percent=&#8221;100&#8243; gutter_size=&#8221;1&#8243; overlay_alpha=&#8221;50&#8243; shift_x=&#8221;0&#8243; shift_y=&#8221;0&#8243; shift_y_down=&#8221;0&#8243; z_index=&#8221;0&#8243; medium_width=&#8221;0&#8243; mobile_width=&#8221;0&#8243; width=&#8221;1\/1&#8243; uncode_shortcode_id=&#8221;700765&#8243;][vc_empty_space empty_h=&#8221;1&#8243;][vc_row_inner row_inner_height_percent=&#8221;0&#8243; overlay_alpha=&#8221;50&#8243; gutter_size=&#8221;4&#8243; shift_y=&#8221;0&#8243; z_index=&#8221;0&#8243; uncode_shortcode_id=&#8221;183527&#8243;][vc_column_inner width=&#8221;7\/12&#8243;][vc_custom_heading heading_semantic=&#8221;h3&#8243; text_font=&#8221;font-197714&#8243; text_weight=&#8221;300&#8243; text_space=&#8221;fontspace-781688&#8243; uncode_shortcode_id=&#8221;717647&#8243;]Prane\u0161imas pagal Lietuvos Respublikos Prane\u0161\u0117j\u0173 apsaugos \u012fstatym\u0105[\/vc_custom_heading][vc_column_text text_color=&#8221;color-673602&#8243; uncode_shortcode_id=&#8221;124819&#8243; text_color_type=&#8221;uncode-palette&#8221; el_class=&#8221;link-underline&#8221; css=&#8221;.vc_custom_1753771416055{padding-right: 69px !important;}&#8221;]\u010cia pateikiama informacija, kokiais atvejais ir kokiu b\u016bdu galite i\u0161si\u0173sti prane\u0161im\u0105 apie galimus teis\u0117s akt\u0173 pa\u017eeidimus Umega Group, AB \u012fmon\u0117se (UAB Hennordic, UAB Hentech, UAB Umega Agro, UAB SnolTherm, UAB Snolvalda, Walter Th. Hennecke GmbH, Snol Therm GmbH), kelian\u010dius gr\u0117sm\u0119 vie\u0161ajam interesui arba j\u012f pa\u017eeid\u017eian\u010dius.[\/vc_column_text][\/vc_column_inner][vc_column_inner width=&#8221;5\/12&#8243;][\/vc_column_inner][\/vc_row_inner][\/vc_column][\/vc_row][vc_row unlock_row_content=&#8221;yes&#8221; row_height_percent=&#8221;0&#8243; override_padding=&#8221;yes&#8221; h_padding=&#8221;5&#8243; top_padding=&#8221;2&#8243; bottom_padding=&#8221;3&#8243; overlay_alpha=&#8221;50&#8243; gutter_size=&#8221;3&#8243; column_width_percent=&#8221;100&#8243; shift_y=&#8221;0&#8243; z_index=&#8221;0&#8243; content_parallax=&#8221;0&#8243; uncode_shortcode_id=&#8221;628920&#8243;][vc_column width=&#8221;1\/1&#8243;][vc_custom_heading text_color=&#8221;color-673602&#8243; heading_semantic=&#8221;h6&#8243; text_font=&#8221;font-197714&#8243; text_size=&#8221;h6&#8243; text_weight=&#8221;500&#8243; text_space=&#8221;fontspace-111509&#8243; badge_style=&#8221;yes&#8221; radius=&#8221;xl&#8221; uncode_shortcode_id=&#8221;177458&#8243; back_color_type=&#8221;uncode-solid&#8221; text_color_type=&#8221;uncode-palette&#8221; back_color_solid=&#8221;#e8e2d7&#8243;]Pagal LR Prane\u0161\u0117j\u0173 apsaugos \u012fstatym\u0105, J\u016bs galite prane\u0161ti d\u0117l:[\/vc_custom_heading][vc_empty_space empty_h=&#8221;1&#8243;][vc_row_inner row_inner_height_percent=&#8221;0&#8243; overlay_alpha=&#8221;50&#8243; gutter_size=&#8221;4&#8243; shift_y=&#8221;0&#8243; z_index=&#8221;0&#8243; uncode_shortcode_id=&#8221;183527&#8243;][vc_column_inner width=&#8221;1\/3&#8243;][vc_column_text text_color=&#8221;color-673602&#8243; uncode_shortcode_id=&#8221;291393&#8243; el_class=&#8221;styled-list&#8221; text_color_type=&#8221;uncode-palette&#8221;]<\/p>\n<ul>\n<li>pavojaus visuomen\u0117s saugumui ar sveikatai, asmens gyvybei ar sveikatai;<\/li>\n<li>pavojaus aplinkai;<\/li>\n<li>kliudymo arba neteis\u0117to poveikio teis\u0117saugos institucij\u0173 atliekamiems tyrimams ar teismams vykdant teisingum\u0105;<\/li>\n<li>neteis\u0117tos veiklos finansavimo;<\/li>\n<\/ul>\n<p>[\/vc_column_text][\/vc_column_inner][vc_column_inner width=&#8221;1\/3&#8243;][vc_column_text text_color=&#8221;color-673602&#8243; uncode_shortcode_id=&#8221;242840&#8243; el_class=&#8221;styled-list&#8221; text_color_type=&#8221;uncode-palette&#8221;]<\/p>\n<ul>\n<li>neteis\u0117to ar neskaidraus vie\u0161\u0173j\u0173 l\u0117\u0161\u0173 ar turto naudojimo;<\/li>\n<li>neteis\u0117tu b\u016bdu \u012fgyto turto;<\/li>\n<li>padaryto pa\u017eeidimo padarini\u0173 sl\u0117pimo, trukdymo nustatyti padarini\u0173 mast\u0105;<\/li>\n<li>pa\u017eeidim\u0173, nurodyt\u0173 Lietuvos Respublikos teisingumo ministro patvirtintame s\u0105ra\u0161e, parengtame atsi\u017evelgiant \u012f Direktyvoje (ES) 2019\/1937 nurodyt\u0173 Europos S\u0105jungos teis\u0117s akt\u0173 taikymo srit\u012f;<\/li>\n<\/ul>\n<p>[\/vc_column_text][\/vc_column_inner][vc_column_inner width=&#8221;1\/3&#8243;][vc_column_text text_color=&#8221;color-673602&#8243; uncode_shortcode_id=&#8221;133153&#8243; el_class=&#8221;styled-list&#8221; text_color_type=&#8221;uncode-palette&#8221;]<\/p>\n<ul>\n<li>kenkimo Europos S\u0105jungos finansiniams interesams, kaip nurodyta Sutarties d\u0117l Europos S\u0105jungos veikimo 325 straipsnyje ir i\u0161samiau apib\u016bdinta susijusiose Europos S\u0105jungos priemon\u0117se;<\/li>\n<li>pa\u017eeidimo, susijusio su vidaus rinka, kaip nurodyta Sutarties d\u0117l Europos S\u0105jungos veikimo\u202f26 straipsnio 2 dalyje, \u012fskaitant Europos S\u0105jungos konkurencijos ir valstyb\u0117s pagalbos taisykli\u0173 pa\u017eeidimus, taip pat su vidaus rinka susijusius pa\u017eeidimus d\u0117l veiksm\u0173, kuriais pa\u017eeid\u017eiamos pelno mokes\u010dio taisykl\u0117s, arba susitarimus, kuriais siekiama \u012fgyti mokestin\u012f prana\u0161um\u0105, kenkiant\u012f taikytinos pelno mokes\u010dio teis\u0117s dalykui arba tikslui;<\/li>\n<li>kit\u0173 pa\u017eeidim\u0173, siekiant apsaugoti vie\u0161\u0105j\u012f interes\u0105.<\/li>\n<\/ul>\n<p>[\/vc_column_text][\/vc_column_inner][\/vc_row_inner][vc_empty_space empty_h=&#8221;1&#8243;][vc_separator uncode_shortcode_id=&#8221;191188&#8243; sep_color_type=&#8221;uncode-solid&#8221; sep_color_solid=&#8221;rgba(0,34,28,0.36)&#8221;][\/vc_column][\/vc_row][vc_row unlock_row_content=&#8221;yes&#8221; row_height_percent=&#8221;0&#8243; override_padding=&#8221;yes&#8221; h_padding=&#8221;5&#8243; top_padding=&#8221;0&#8243; bottom_padding=&#8221;2&#8243; overlay_alpha=&#8221;50&#8243; gutter_size=&#8221;3&#8243; column_width_percent=&#8221;100&#8243; shift_y=&#8221;0&#8243; z_index=&#8221;0&#8243; content_parallax=&#8221;0&#8243; uncode_shortcode_id=&#8221;112988&#8243;][vc_column width=&#8221;1\/1&#8243;][vc_custom_heading text_color=&#8221;color-673602&#8243; heading_semantic=&#8221;h6&#8243; text_font=&#8221;font-197714&#8243; text_size=&#8221;h6&#8243; text_weight=&#8221;400&#8243; text_space=&#8221;fontspace-111509&#8243; badge_style=&#8221;yes&#8221; radius=&#8221;xl&#8221; uncode_shortcode_id=&#8221;104576&#8243; back_color_type=&#8221;uncode-solid&#8221; text_color_type=&#8221;uncode-palette&#8221; back_color_solid=&#8221;#e8e2d7&#8243;]Galite pateikti prane\u0161im\u0105, jei esate:[\/vc_custom_heading][vc_row_inner row_inner_height_percent=&#8221;0&#8243; overlay_alpha=&#8221;50&#8243; gutter_size=&#8221;3&#8243; shift_y=&#8221;0&#8243; z_index=&#8221;0&#8243; uncode_shortcode_id=&#8221;137595&#8243;][vc_column_inner width=&#8221;1\/3&#8243;][vc_column_text text_color=&#8221;color-673602&#8243; uncode_shortcode_id=&#8221;667264&#8243; text_color_type=&#8221;uncode-palette&#8221; el_class=&#8221;styled-list&#8221;]<\/p>\n<ul>\n<li>buv\u0119s ar esamas darbuotojas, ar asmuo, susij\u0119s su Umega Group, AB \u012fmon\u0117mis sutartiniais santykiais (konsultavimo, rangos, sta\u017euot\u0117s, praktikos, savanoryst\u0117s ir pan.) ar kitais ikisutartiniais darbo santykiais;<\/li>\n<\/ul>\n<p>[\/vc_column_text][\/vc_column_inner][vc_column_inner width=&#8221;1\/3&#8243;][vc_column_text text_color=&#8221;color-673602&#8243; uncode_shortcode_id=&#8221;965289&#8243; text_color_type=&#8221;uncode-palette&#8221; el_class=&#8221;styled-list&#8221;]<\/p>\n<ul>\n<li>asmuo, priklausantis Umega Group, AB administraciniam, valdymo ar prie\u017ei\u016bros organui;<\/li>\n<\/ul>\n<p>[\/vc_column_text][\/vc_column_inner][vc_column_inner width=&#8221;1\/3&#8243;][vc_column_text text_color=&#8221;color-673602&#8243; uncode_shortcode_id=&#8221;193773&#8243; text_color_type=&#8221;uncode-palette&#8221; el_class=&#8221;styled-list&#8221;]<\/p>\n<ul>\n<li>su Umega Group, AB veikla susij\u0119s fizinis asmuo, dirbantis pri\u017ei\u016brint ir vadovaujant rangovams, subrangovams ir (ar) tiek\u0117jams.<\/li>\n<\/ul>\n<p>[\/vc_column_text][\/vc_column_inner][\/vc_row_inner][vc_empty_space empty_h=&#8221;1&#8243;][vc_separator uncode_shortcode_id=&#8221;191188&#8243; sep_color_type=&#8221;uncode-solid&#8221; sep_color_solid=&#8221;rgba(0,34,28,0.36)&#8221;][\/vc_column][\/vc_row][vc_row unlock_row_content=&#8221;yes&#8221; row_height_percent=&#8221;0&#8243; override_padding=&#8221;yes&#8221; h_padding=&#8221;5&#8243; top_padding=&#8221;2&#8243; bottom_padding=&#8221;1&#8243; overlay_alpha=&#8221;50&#8243; gutter_size=&#8221;3&#8243; column_width_percent=&#8221;100&#8243; shift_y=&#8221;0&#8243; z_index=&#8221;0&#8243; content_parallax=&#8221;0&#8243; uncode_shortcode_id=&#8221;205867&#8243;][vc_column width=&#8221;1\/1&#8243;][vc_custom_heading heading_semantic=&#8221;h3&#8243; text_font=&#8221;font-197714&#8243; text_weight=&#8221;300&#8243; text_space=&#8221;fontspace-781688&#8243; uncode_shortcode_id=&#8221;275280&#8243;]B\u016bdai, kuriais galite pateikti prane\u0161im\u0105:[\/vc_custom_heading][vc_row_inner row_inner_height_percent=&#8221;0&#8243; overlay_alpha=&#8221;50&#8243; gutter_size=&#8221;4&#8243; shift_y=&#8221;0&#8243; z_index=&#8221;0&#8243; uncode_shortcode_id=&#8221;183527&#8243;][vc_column_inner width=&#8221;1\/1&#8243;][vc_column_text text_color=&#8221;color-673602&#8243; uncode_shortcode_id=&#8221;204022&#8243; text_color_type=&#8221;uncode-palette&#8221; el_class=&#8221;black-list&#8221;]<strong>per vidin\u012f informacijos apie pa\u017eeidimus teikimo kanal\u0105\u202f\u2013 u\u017epildydami <a href=\"https:\/\/umegagroup.com\/wp-content\/uploads\/2025\/07\/PRANESIMAS-APIE-PAZEIDIMA.docx\" target=\"_blank\" rel=\"noopener\">Prane\u0161imo apie pa\u017eeidim\u0105 form\u0105<\/a> ir atsi\u0173sdami ja\u0328 el. pa\u0161tu:\u202f<a href=\"mailto:praneseju.apsauga@umegagroup.com\" target=\"_blank\" rel=\"noopener\">praneseju.apsauga@umegagroup.com<\/a>.<\/strong><\/p>\n<p><strong>Jeigu neturite galimyb\u0117s u\u017epildyti nustatytos formos prane\u0161imo, prane\u0161im\u0105 galite sura\u0161yti laisva forma:<\/strong><\/p>\n<ul>\n<li>Nurodant, kas, kada, kokiu b\u016bdu ir kok\u012f pa\u017eeidim\u0105 rengiasi daryti, daro ar padar\u0117 ir pan.;<\/li>\n<li>Su\u017einojimo apie pa\u017eeidim\u0105 dat\u0105 ir aplinkybes;<\/li>\n<li>Savo vard\u0105, pavard\u0119, asmens kod\u0105 arba gimimo dat\u0105, darboviet\u0119, kontaktinius duomenis, kad b\u016bt\u0173 galima susisiekti.<\/li>\n<li>Privaloma nurodyti, kad prane\u0161imas teikiamas vadovaujantis Lietuvos Respublikos prane\u0161\u0117j\u0173 apsaugos \u012fstatymu.<\/li>\n<\/ul>\n<p>Prane\u0161imas vertinamas pagal Umega Group, AB \u012fmoni\u0173 grup\u0117je patvirtint\u0105 Umega Group, AB \u012fmoni\u0173 grup\u0117s informacijos pagal LR prane\u0161\u0117j\u0173 apsaugos \u012fstatym\u0105 teikimo ir nagrin\u0117jimo <a href=\"https:\/\/umegagroup.com\/wp-content\/uploads\/2025\/07\/D-3-07-15_Umega-Group.pdf\" target=\"_blank\" rel=\"noopener\">tvarkos apra\u0161\u0105<\/a>. Prane\u0161ime pateiktos informacijos vertinima\u0328 atlieka bei auk\u0161\u010diau min\u0117tame apra\u0161e nurodyto kompetentingo subjekto funkcijas vykdo Umega Group, AB \u012fmoni\u0173 grup\u0117s teisininkas.<\/p>\n<p>&nbsp;<\/p>\n<p><strong>U\u017etikriname asmens ir jo pateiktos informacijos konfidencialum\u0105\u0328.<\/strong><\/p>\n<p>Reikalavimas u\u017etikrinti konfidencialum\u0105 netaikomas, kai:<\/p>\n<ul>\n<li>to ra\u0161tu pra\u0161o asmuo, pateikiantis arba pateik\u0119s informacij\u0105 apie pa\u017eeidim\u0105;.<\/li>\n<li>asmuo pateikia \u017einomai melaging\u0105 informacij\u0105.<\/li>\n<\/ul>\n<p>[\/vc_column_text][\/vc_column_inner][\/vc_row_inner][vc_empty_space empty_h=&#8221;1&#8243;][vc_separator uncode_shortcode_id=&#8221;191188&#8243; sep_color_type=&#8221;uncode-solid&#8221; sep_color_solid=&#8221;rgba(0,34,28,0.36)&#8221;][vc_empty_space empty_h=&#8221;1&#8243;][\/vc_column][\/vc_row][vc_row unlock_row_content=&#8221;yes&#8221; row_height_percent=&#8221;0&#8243; override_padding=&#8221;yes&#8221; h_padding=&#8221;5&#8243; top_padding=&#8221;2&#8243; bottom_padding=&#8221;2&#8243; overlay_alpha=&#8221;50&#8243; gutter_size=&#8221;3&#8243; column_width_percent=&#8221;100&#8243; shift_y=&#8221;0&#8243; z_index=&#8221;0&#8243; content_parallax=&#8221;0&#8243; uncode_shortcode_id=&#8221;113345&#8243;][vc_column width=&#8221;1\/1&#8243;][vc_custom_heading heading_semantic=&#8221;h3&#8243; text_font=&#8221;font-197714&#8243; text_weight=&#8221;300&#8243; text_space=&#8221;fontspace-781688&#8243; uncode_shortcode_id=&#8221;103425&#8243; el_class=&#8221;uncode_text_column&#8221;]Galite kreiptis tiesiogiai \u012f kompetenting\u0105 institucij\u0105 (Lietuvos Respublikos prokurat\u016br\u0105)\u202f\u2013 el. pa\u0161tu: <a href=\"mailto:praneseju.apsauga@prokuraturos.lt\">praneseju.apsauga@prokuraturos.lt<\/a>[\/vc_custom_heading][vc_row_inner row_inner_height_percent=&#8221;0&#8243; overlay_alpha=&#8221;50&#8243; gutter_size=&#8221;4&#8243; shift_y=&#8221;0&#8243; z_index=&#8221;0&#8243; uncode_shortcode_id=&#8221;183527&#8243;][vc_column_inner width=&#8221;1\/1&#8243;][vc_column_text uncode_shortcode_id=&#8221;111304&#8243; el_class=&#8221;black-list&#8221;]Asmuo d\u0117l pa\u017eeidimo turi kreiptis tiesiogiai \u012f kompetenting\u0105 institucij\u0105, kai yra bent viena i\u0161 \u0161i\u0173 aplinkybi\u0173:<\/p>\n<ul>\n<li>pa\u017eeidimas turi esmin\u0119 reik\u0161m\u0119 vie\u0161ajam interesui;<\/li>\n<li>b\u016btina kuo skubiau u\u017ekirsti keli\u0105 pa\u017eeidimui ar j\u012f nutraukti, nes gali atsirasti didel\u0117 \u017eala;<\/li>\n<li>vadovaujantys, su \u012fmone darbo ar sutartiniais santykiais siejami asmenys patys galb\u016bt daro ar yra padar\u0119 pa\u017eeidimus;<\/li>\n<li>informacija apie pa\u017eeidim\u0105 buvo pateikta per vidin\u012f informacijos apie pa\u017eeidimus teikimo kanal\u0105, ta\u010diau atsakymas nebuvo gautas arba nebuvo imtasi veiksm\u0173 reaguojant \u012f pateikt\u0105 informacij\u0105, arba priemon\u0117s, kuri\u0173 buvo imtasi, buvo neveiksmingos;<\/li>\n<li>yra pagrindas manyti, kad, pateikus informacij\u0105 apie pa\u017eeidim\u0105 vidiniu informacijos apie pa\u017eeidimus teikimo kanalu, asmens konfidencialumas gali b\u016bti neu\u017etikrintas arba bus siekiama pa\u017eeidim\u0105, apie kur\u012f prane\u0161ta, nusl\u0117pti;<\/li>\n<li>\u012fstaigoje \u012fmon\u0117je n\u0117ra veikian\u010dio vidinio informacijos apie pa\u017eeidimus teikimo kanalo;<\/li>\n<li>asmuo negali pasinaudoti vidiniu informacijos apie pa\u017eeidimus teikimo kanalu, nes jo su \u012fmone nebesieja darbo ar kiti teisiniai santykiai.<\/li>\n<\/ul>\n<p><strong>Prane\u0161imus pateikusiems asmenims gali b\u016bti taikomos apsaugos, skatinimo ir pagalbos priemon\u0117s\u202fLR prane\u0161\u0117j\u0173\u0328 apsaugos \u012fstatymo ir kitu\u0328 teis\u0117s aktu\u0328 nustatyta tvarka. \u017dinomai melagingos informacijos pateikimas nesuteikia asmeniui garantij\u0173\u0328 pagal LR Prane\u0161\u0117j\u0173\u0328 apsaugos \u012fstatym\u0105\u0328. \u017dinomai melaging\u0105 informacij\u0105 pateik\u0119s asmuo atsako Lietuvos Respublikos teis\u0117s akt\u0173 nustatyta tvarka. <\/strong>[\/vc_column_text][\/vc_column_inner][\/vc_row_inner][vc_empty_space empty_h=&#8221;1&#8243;][vc_separator uncode_shortcode_id=&#8221;191188&#8243; sep_color_type=&#8221;uncode-solid&#8221; sep_color_solid=&#8221;rgba(0,34,28,0.36)&#8221;][vc_empty_space empty_h=&#8221;1&#8243;][\/vc_column][\/vc_row][vc_row unlock_row_content=&#8221;yes&#8221; row_height_percent=&#8221;0&#8243; override_padding=&#8221;yes&#8221; h_padding=&#8221;5&#8243; top_padding=&#8221;2&#8243; bottom_padding=&#8221;1&#8243; overlay_alpha=&#8221;50&#8243; gutter_size=&#8221;3&#8243; column_width_percent=&#8221;100&#8243; shift_y=&#8221;0&#8243; z_index=&#8221;0&#8243; content_parallax=&#8221;0&#8243; uncode_shortcode_id=&#8221;163113&#8243;][vc_column width=&#8221;1\/1&#8243;][vc_custom_heading text_color=&#8221;color-673602&#8243; heading_semantic=&#8221;h6&#8243; text_font=&#8221;font-197714&#8243; text_size=&#8221;h6&#8243; text_weight=&#8221;400&#8243; text_space=&#8221;fontspace-111509&#8243; badge_style=&#8221;yes&#8221; radius=&#8221;xl&#8221; uncode_shortcode_id=&#8221;538403&#8243; back_color_type=&#8221;uncode-solid&#8221; text_color_type=&#8221;uncode-palette&#8221; back_color_solid=&#8221;#e8e2d7&#8243;]Aktual\u016bs teis\u0117s aktai[\/vc_custom_heading][vc_row_inner row_inner_height_percent=&#8221;0&#8243; overlay_alpha=&#8221;50&#8243; gutter_size=&#8221;0&#8243; shift_y=&#8221;0&#8243; z_index=&#8221;0&#8243; uncode_shortcode_id=&#8221;536831&#8243;][vc_column_inner width=&#8221;10\/12&#8243;][vc_column_text uncode_shortcode_id=&#8221;180871&#8243; el_class=&#8221;styled-list&#8221;]<a href=\"https:\/\/e-seimas.lrs.lt\/portal\/legalAct\/lt\/TAD\/b146ff50ed8a11e89d4ad92e8434e309\/asr\" target=\"_blank\" rel=\"noopener\">Lietuvos Respublikos prane\u0161e\u0307ju\u0328 apsaugos i\u0328statymas\u202fLietuvos Respublikos Vyriausybe\u0307s 2018 m. lapkric\u030cio 14 d. nutarimas De\u0307l Lietuvos Respublikos prane\u0161e\u0307ju\u0328 apsaugos i\u0328statymo i\u0328gyvendinimo<\/a>.\u202f\u0160iuo nutarimu\u202f\u202fyra patvirtinti:<\/p>\n<ul>\n<li>Atlyginimo prane\u0161\u0117jams u\u017e verting\u0105 informacij\u0105 tvarkos apra\u0161as;<\/li>\n<li>Kompensavimo prane\u0161\u0117jams u\u017e patiriam\u0105 neigiam\u0105 poveik\u012f ar galimus padarinius d\u0117l pateikto prane\u0161imo tvarkos apra\u0161as;<\/li>\n<li>Vidini\u0173 informacijos apie pa\u017eeidimus teikimo kanal\u0173 \u012fdiegimo ir j\u0173 funkcionavimo u\u017etikrinimo tvarkos apra\u0161as.<\/li>\n<\/ul>\n<p><strong>Gaut\u0173 prane\u0161im\u0173 statistik\u0105 kasmet pateiksime \u010dia: <\/strong>[\/vc_column_text][\/vc_column_inner][vc_column_inner width=&#8221;2\/12&#8243;][\/vc_column_inner][\/vc_row_inner][vc_empty_space empty_h=&#8221;0&#8243;][\/vc_column][\/vc_row][vc_row unlock_row_content=&#8221;yes&#8221; row_height_percent=&#8221;0&#8243; override_padding=&#8221;yes&#8221; h_padding=&#8221;5&#8243; top_padding=&#8221;0&#8243; bottom_padding=&#8221;3&#8243; overlay_alpha=&#8221;50&#8243; gutter_size=&#8221;3&#8243; column_width_percent=&#8221;100&#8243; shift_y=&#8221;0&#8243; z_index=&#8221;0&#8243; content_parallax=&#8221;0&#8243; uncode_shortcode_id=&#8221;138733&#8243;][vc_column width=&#8221;1\/1&#8243;][vc_row_inner row_inner_height_percent=&#8221;0&#8243; overlay_alpha=&#8221;50&#8243; gutter_size=&#8221;3&#8243; shift_y=&#8221;0&#8243; z_index=&#8221;0&#8243; uncode_shortcode_id=&#8221;195744&#8243;][vc_column_inner column_width_percent=&#8221;100&#8243; gutter_size=&#8221;3&#8243; override_padding=&#8221;yes&#8221; column_padding=&#8221;4&#8243; overlay_alpha=&#8221;50&#8243; radius=&#8221;lg&#8221; shift_x=&#8221;0&#8243; shift_y=&#8221;0&#8243; shift_y_down=&#8221;0&#8243; z_index=&#8221;0&#8243; medium_width=&#8221;0&#8243; mobile_width=&#8221;0&#8243; width=&#8221;1\/1&#8243; uncode_shortcode_id=&#8221;562280&#8243; back_color_type=&#8221;uncode-solid&#8221; back_color_solid=&#8221;#e8e2d7&#8243;][vc_custom_heading text_color=&#8221;color-673602&#8243; heading_semantic=&#8221;h3&#8243; text_font=&#8221;font-197714&#8243; text_size=&#8221;h3&#8243; text_weight=&#8221;300&#8243; text_space=&#8221;fontspace-781688&#8243; uncode_shortcode_id=&#8221;822015&#8243; text_color_type=&#8221;uncode-palette&#8221;]Gaut\u0173 prane\u0161im\u0173 statistika: 0[\/vc_custom_heading][\/vc_column_inner][\/vc_row_inner][\/vc_column][\/vc_row]<\/p>\n<\/div>","protected":false},"excerpt":{"rendered":"<p>[vc_row unlock_row_content=&#8221;yes&#8221; row_height_percent=&#8221;0&#8243; override_padding=&#8221;yes&#8221; h_padding=&#8221;5&#8243; top_padding=&#8221;7&#8243; bottom_padding=&#8221;4&#8243; back_image=&#8221;155934&#8243; back_repeat=&#8221;no-repeat&#8221; back_position=&#8221;center top&#8221; overlay_alpha=&#8221;50&#8243; overlay_color_blend=&#8221;multiply&#8221; overlay_animated=&#8221;yes&#8221; overlay_animated_speed=&#8221;100&#8243; overlay_animated_size=&#8221;0.7&#8243; gutter_size=&#8221;3&#8243; column_width_percent=&#8221;100&#8243; shift_y=&#8221;0&#8243; z_index=&#8221;0&#8243; [&hellip;]<\/p>\n","protected":false},"author":1,"featured_media":0,"parent":0,"menu_order":0,"comment_status":"closed","ping_status":"closed","template":"","meta":{"footnotes":""},"class_list":["post-156975","page","type-page","status-publish","hentry"],"_links":{"self":[{"href":"https:\/\/umegagroup.com\/lt\/wp-json\/wp\/v2\/pages\/156975","targetHints":{"allow":["GET"]}}],"collection":[{"href":"https:\/\/umegagroup.com\/lt\/wp-json\/wp\/v2\/pages"}],"about":[{"href":"https:\/\/umegagroup.com\/lt\/wp-json\/wp\/v2\/types\/page"}],"author":[{"embeddable":true,"href":"https:\/\/umegagroup.com\/lt\/wp-json\/wp\/v2\/users\/1"}],"replies":[{"embeddable":true,"href":"https:\/\/umegagroup.com\/lt\/wp-json\/wp\/v2\/comments?post=156975"}],"version-history":[{"count":9,"href":"https:\/\/umegagroup.com\/lt\/wp-json\/wp\/v2\/pages\/156975\/revisions"}],"predecessor-version":[{"id":157278,"href":"https:\/\/umegagroup.com\/lt\/wp-json\/wp\/v2\/pages\/156975\/revisions\/157278"}],"wp:attachment":[{"href":"https:\/\/umegagroup.com\/lt\/wp-json\/wp\/v2\/media?parent=156975"}],"curies":[{"name":"wp","href":"https:\/\/api.w.org\/{rel}","templated":true}]}}