{"id":157227,"date":"2025-05-29T08:02:51","date_gmt":"2025-05-29T08:02:51","guid":{"rendered":"https:\/\/umegagroup.com\/reporting\/"},"modified":"2025-08-22T12:08:14","modified_gmt":"2025-08-22T12:08:14","slug":"berichterstattung","status":"publish","type":"page","link":"https:\/\/umegagroup.com\/de\/berichterstattung\/","title":{"rendered":"Berichterstattung"},"content":{"rendered":"<div class=\"wpb-content-wrapper\"><p>[vc_row unlock_row_content=&#8220;yes&#8220; row_height_percent=&#8220;0&#8243; override_padding=&#8220;yes&#8220; h_padding=&#8220;5&#8243; top_padding=&#8220;7&#8243; bottom_padding=&#8220;4&#8243; back_image=&#8220;155934&#8243; back_repeat=&#8220;no-repeat&#8220; back_position=&#8220;center top&#8220; overlay_alpha=&#8220;50&#8243; overlay_color_blend=&#8220;multiply&#8220; overlay_animated=&#8220;yes&#8220; overlay_animated_speed=&#8220;100&#8243; overlay_animated_size=&#8220;0.7&#8243; gutter_size=&#8220;3&#8243; column_width_percent=&#8220;100&#8243; shift_y=&#8220;0&#8243; z_index=&#8220;0&#8243; content_parallax=&#8220;0&#8243; uncode_shortcode_id=&#8220;791174&#8243; overlay_animated_1_color_type=&#8220;uncode-solid&#8220; overlay_animated_1_color_solid=&#8220;#518883&#8243; overlay_animated_2_color_type=&#8220;uncode-solid&#8220; overlay_animated_2_color_solid=&#8220;#74faba&#8220;][vc_column width=&#8220;1\/1&#8243;][vc_row_inner][vc_column_inner width=&#8220;1\/1&#8243;][vc_custom_heading auto_text=&#8220;yes&#8220; text_color=&#8220;color-xsdn&#8220; heading_semantic=&#8220;h1&#8243; text_font=&#8220;font-197714&#8243; text_size=&#8220;fontsize-338686&#8243; text_weight=&#8220;300&#8243; text_space=&#8220;fontspace-111509&#8243; uncode_shortcode_id=&#8220;513820&#8243; text_color_type=&#8220;uncode-palette&#8220;]This is a custom heading element.[\/vc_custom_heading][\/vc_column_inner][\/vc_row_inner][\/vc_column][\/vc_row][vc_row unlock_row_content=&#8220;yes&#8220; row_height_percent=&#8220;0&#8243; override_padding=&#8220;yes&#8220; h_padding=&#8220;5&#8243; top_padding=&#8220;2&#8243; bottom_padding=&#8220;2&#8243; overlay_alpha=&#8220;50&#8243; gutter_size=&#8220;3&#8243; column_width_percent=&#8220;100&#8243; shift_y=&#8220;0&#8243; z_index=&#8220;0&#8243; content_parallax=&#8220;0&#8243; uncode_shortcode_id=&#8220;182143&#8243;][vc_column column_width_percent=&#8220;100&#8243; gutter_size=&#8220;1&#8243; overlay_alpha=&#8220;50&#8243; shift_x=&#8220;0&#8243; shift_y=&#8220;0&#8243; shift_y_down=&#8220;0&#8243; z_index=&#8220;0&#8243; medium_width=&#8220;0&#8243; mobile_width=&#8220;0&#8243; width=&#8220;1\/1&#8243; uncode_shortcode_id=&#8220;700765&#8243;][vc_empty_space empty_h=&#8220;1&#8243;][vc_row_inner row_inner_height_percent=&#8220;0&#8243; overlay_alpha=&#8220;50&#8243; gutter_size=&#8220;4&#8243; shift_y=&#8220;0&#8243; z_index=&#8220;0&#8243; uncode_shortcode_id=&#8220;183527&#8243;][vc_column_inner width=&#8220;7\/12&#8243;][vc_custom_heading heading_semantic=&#8220;h3&#8243; text_font=&#8220;font-197714&#8243; text_weight=&#8220;300&#8243; text_space=&#8220;fontspace-781688&#8243; uncode_shortcode_id=&#8220;139915&#8243;]Meldung gem\u00e4\u00df dem Gesetz der Republik Litauen zum Schutz von Whistleblowern[\/vc_custom_heading][vc_column_text text_color=&#8220;color-673602&#8243; uncode_shortcode_id=&#8220;834971&#8243; text_color_type=&#8220;uncode-palette&#8220; el_class=&#8220;link-underline&#8220; css=&#8220;.vc_custom_1753713789297{padding-right: 69px !important;}&#8220;]Diese Mitteilung erl\u00e4utert, wann und wie Sie einen Bericht \u00fcber potenzielle Verst\u00f6\u00dfe gegen Rechtsvorschriften innerhalb der Unternehmen der Umega Group, AB (Hennordic, UAB; Hentech, UAB; Umega Agro, UAB; Snoltherm, UAB; Snolvalda, UAB; Walter Th. Hennecke GmbH; SnolTherm GmbH) einreichen k\u00f6nnen, die eine Bedrohung f\u00fcr das \u00f6ffentliche Interesse darstellen oder dieses beeintr\u00e4chtigen k\u00f6nnten.[\/vc_column_text][\/vc_column_inner][vc_column_inner width=&#8220;5\/12&#8243;][\/vc_column_inner][\/vc_row_inner][\/vc_column][\/vc_row][vc_row unlock_row_content=&#8220;yes&#8220; row_height_percent=&#8220;0&#8243; override_padding=&#8220;yes&#8220; h_padding=&#8220;5&#8243; top_padding=&#8220;2&#8243; bottom_padding=&#8220;3&#8243; overlay_alpha=&#8220;50&#8243; gutter_size=&#8220;3&#8243; column_width_percent=&#8220;100&#8243; shift_y=&#8220;0&#8243; z_index=&#8220;0&#8243; content_parallax=&#8220;0&#8243; uncode_shortcode_id=&#8220;628920&#8243;][vc_column width=&#8220;1\/1&#8243;][vc_custom_heading text_color=&#8220;color-673602&#8243; heading_semantic=&#8220;h6&#8243; text_font=&#8220;font-197714&#8243; text_size=&#8220;h6&#8243; text_weight=&#8220;500&#8243; text_space=&#8220;fontspace-111509&#8243; badge_style=&#8220;yes&#8220; radius=&#8220;xl&#8220; uncode_shortcode_id=&#8220;351413&#8243; back_color_type=&#8220;uncode-solid&#8220; text_color_type=&#8220;uncode-palette&#8220; back_color_solid=&#8220;#e8e2d7&#8243;]Gem\u00e4\u00df dem Gesetz zum Schutz von Whistleblowern der Republik Litauen k\u00f6nnen Sie Folgendes melden:[\/vc_custom_heading][vc_empty_space empty_h=&#8220;1&#8243;][vc_row_inner row_inner_height_percent=&#8220;0&#8243; overlay_alpha=&#8220;50&#8243; gutter_size=&#8220;4&#8243; shift_y=&#8220;0&#8243; z_index=&#8220;0&#8243; uncode_shortcode_id=&#8220;183527&#8243;][vc_column_inner width=&#8220;1\/3&#8243;][vc_column_text text_color=&#8220;color-673602&#8243; uncode_shortcode_id=&#8220;863678&#8243; el_class=&#8220;styled-list&#8220; text_color_type=&#8220;uncode-palette&#8220;]<\/p>\n<ul>\n<li>Eine Bedrohung f\u00fcr die \u00f6ffentliche Sicherheit oder Gesundheit bzw. f\u00fcr das Leben oder die Gesundheit einer Person<\/li>\n<li>Eine Bedrohung f\u00fcr die Umwelt<\/li>\n<li>Behinderung oder unrechtm\u00e4\u00dfiger Einfluss auf Ermittlungen von Strafverfolgungsbeh\u00f6rden oder der Justizverwaltung<\/li>\n<li>Finanzierung illegaler Aktivit\u00e4ten<\/li>\n<\/ul>\n<p>[\/vc_column_text][\/vc_column_inner][vc_column_inner width=&#8220;1\/3&#8243;][vc_column_text text_color=&#8220;color-673602&#8243; uncode_shortcode_id=&#8220;126704&#8243; el_class=&#8220;styled-list&#8220; text_color_type=&#8220;uncode-palette&#8220;]<\/p>\n<ul>\n<li>Unrechtm\u00e4\u00dfige oder undurchsichtige Verwendung \u00f6ffentlicher Mittel oder Verm\u00f6genswerte<\/li>\n<li>Erwerb von Verm\u00f6genswerten durch illegale Mittel<\/li>\n<li>Verschleierung von Verst\u00f6\u00dfen oder Behinderung der Feststellung ihres Ausma\u00dfes<\/li>\n<li>Verst\u00f6\u00dfe, die in der vom Justizminister der Republik Litauen genehmigten Verordnung aufgef\u00fchrt sind, abgestimmt auf den Anwendungsbereich der EU-Rechtsakte gem\u00e4\u00df Richtlinie (EU) 2019\/1937<\/li>\n<\/ul>\n<p>[\/vc_column_text][\/vc_column_inner][vc_column_inner width=&#8220;1\/3&#8243;][vc_column_text text_color=&#8220;color-673602&#8243; uncode_shortcode_id=&#8220;296165&#8243; el_class=&#8220;styled-list&#8220; text_color_type=&#8220;uncode-palette&#8220;]<\/p>\n<ul>\n<li>Sch\u00e4digung der finanziellen Interessen der Europ\u00e4ischen Union, wie in Artikel 325 des Vertrags \u00fcber die Arbeitsweise der Europ\u00e4ischen Union und verwandten EU-Instrumenten definiert<\/li>\n<li>Verst\u00f6\u00dfe im Zusammenhang mit dem Binnenmarkt, wie in Artikel 26 Absatz 2 des Vertrags \u00fcber die Arbeitsweise der Europ\u00e4ischen Union definiert, einschlie\u00dflich Verst\u00f6\u00dfe gegen EU-Wettbewerbs- und Beihilferegeln sowie Handlungen, die auf Steuerverg\u00fcnstigungen abzielen und geltende Steuergesetze untergraben<\/li>\n<li>Andere Verst\u00f6\u00dfe, die das \u00f6ffentliche Interesse betreffen<\/li>\n<\/ul>\n<p>[\/vc_column_text][\/vc_column_inner][\/vc_row_inner][vc_empty_space empty_h=&#8220;1&#8243;][vc_separator uncode_shortcode_id=&#8220;191188&#8243; sep_color_type=&#8220;uncode-solid&#8220; sep_color_solid=&#8220;rgba(0,34,28,0.36)&#8220;][\/vc_column][\/vc_row][vc_row unlock_row_content=&#8220;yes&#8220; row_height_percent=&#8220;0&#8243; override_padding=&#8220;yes&#8220; h_padding=&#8220;5&#8243; top_padding=&#8220;0&#8243; bottom_padding=&#8220;2&#8243; overlay_alpha=&#8220;50&#8243; gutter_size=&#8220;3&#8243; column_width_percent=&#8220;100&#8243; shift_y=&#8220;0&#8243; z_index=&#8220;0&#8243; content_parallax=&#8220;0&#8243; uncode_shortcode_id=&#8220;112988&#8243;][vc_column width=&#8220;1\/1&#8243;][vc_custom_heading text_color=&#8220;color-673602&#8243; heading_semantic=&#8220;h6&#8243; text_font=&#8220;font-197714&#8243; text_size=&#8220;h6&#8243; text_weight=&#8220;400&#8243; text_space=&#8220;fontspace-111509&#8243; badge_style=&#8220;yes&#8220; radius=&#8220;xl&#8220; uncode_shortcode_id=&#8220;888685&#8243; back_color_type=&#8220;uncode-solid&#8220; text_color_type=&#8220;uncode-palette&#8220; back_color_solid=&#8220;#e8e2d7&#8243;]Sie k\u00f6nnen einen Bericht einreichen, wenn Sie:[\/vc_custom_heading][vc_row_inner row_inner_height_percent=&#8220;0&#8243; overlay_alpha=&#8220;50&#8243; gutter_size=&#8220;3&#8243; shift_y=&#8220;0&#8243; z_index=&#8220;0&#8243; uncode_shortcode_id=&#8220;137595&#8243;][vc_column_inner width=&#8220;1\/3&#8243;][vc_column_text text_color=&#8220;color-673602&#8243; uncode_shortcode_id=&#8220;303560&#8243; text_color_type=&#8220;uncode-palette&#8220; el_class=&#8220;styled-list&#8220;]<\/p>\n<ul>\n<li>Ehemaliger oder aktueller Mitarbeiter oder eine vertraglich mit den Unternehmen der Umega Group, AB verbundenen Person (Beratung, Auftragnehmer, Praktika, Ausbildung, Freiwilligenarbeit usw.) oder in vorvertraglichen Arbeitsverh\u00e4ltnissen t\u00e4tig<\/li>\n<\/ul>\n<p>[\/vc_column_text][\/vc_column_inner][vc_column_inner width=&#8220;1\/3&#8243;][vc_column_text text_color=&#8220;color-673602&#8243; uncode_shortcode_id=&#8220;508154&#8243; text_color_type=&#8220;uncode-palette&#8220; el_class=&#8220;styled-list&#8220;]<\/p>\n<ul>\n<li>Eine Person, die Mitglied des Verwaltungs-, Leitungs- oder Aufsichtsgremiums der Umega Group, AB ist<\/li>\n<\/ul>\n<p>[\/vc_column_text][\/vc_column_inner][vc_column_inner width=&#8220;1\/3&#8243;][vc_column_text text_color=&#8220;color-673602&#8243; uncode_shortcode_id=&#8220;339377&#8243; text_color_type=&#8220;uncode-palette&#8220; el_class=&#8220;styled-list&#8220;]<\/p>\n<ul>\n<li>Eine Person, die unter der Aufsicht oder Leitung von Auftragnehmern, Subunternehmern und\/oder Lieferanten der Umega Group, AB t\u00e4tig ist<\/li>\n<\/ul>\n<p>[\/vc_column_text][\/vc_column_inner][\/vc_row_inner][vc_empty_space empty_h=&#8220;1&#8243;][vc_separator uncode_shortcode_id=&#8220;191188&#8243; sep_color_type=&#8220;uncode-solid&#8220; sep_color_solid=&#8220;rgba(0,34,28,0.36)&#8220;][\/vc_column][\/vc_row][vc_row unlock_row_content=&#8220;yes&#8220; row_height_percent=&#8220;0&#8243; override_padding=&#8220;yes&#8220; h_padding=&#8220;5&#8243; top_padding=&#8220;2&#8243; bottom_padding=&#8220;1&#8243; overlay_alpha=&#8220;50&#8243; gutter_size=&#8220;3&#8243; column_width_percent=&#8220;100&#8243; shift_y=&#8220;0&#8243; z_index=&#8220;0&#8243; content_parallax=&#8220;0&#8243; uncode_shortcode_id=&#8220;205867&#8243;][vc_column width=&#8220;1\/1&#8243;][vc_custom_heading heading_semantic=&#8220;h3&#8243; text_font=&#8220;font-197714&#8243; text_weight=&#8220;300&#8243; text_space=&#8220;fontspace-781688&#8243; uncode_shortcode_id=&#8220;101132&#8243;]M\u00f6glichkeiten zur Einreichung eines Berichts:[\/vc_custom_heading][vc_row_inner row_inner_height_percent=&#8220;0&#8243; overlay_alpha=&#8220;50&#8243; gutter_size=&#8220;4&#8243; shift_y=&#8220;0&#8243; z_index=&#8220;0&#8243; uncode_shortcode_id=&#8220;183527&#8243;][vc_column_inner width=&#8220;1\/1&#8243;][vc_column_text text_color=&#8220;color-673602&#8243; uncode_shortcode_id=&#8220;112139&#8243; text_color_type=&#8220;uncode-palette&#8220; el_class=&#8220;black-list&#8220;]<strong>\u00dcber den internen Hinweisgeberkanal \u2013 durch Ausf\u00fcllen des <a href=\"https:\/\/umegagroup.com\/wp-content\/uploads\/2025\/06\/NOTICE-ON-INFRINGEMENT.docx\">Meldeformulars f\u00fcr Verst\u00f6\u00dfe<\/a> und Versand per E-Mail an: <a href=\"mailto:praneseju.apsauga@umegagroup.com\">praneseju.apsauga@umegagroup.com<\/a>.<\/strong><\/p>\n<p><strong>Wenn Sie das Formular nicht ausf\u00fcllen k\u00f6nnen, d\u00fcrfen Sie einen Freitextbericht verfassen, in dem Sie angeben:<\/strong><\/p>\n<ul>\n<li>Wer, wann, wie und welche Art von Versto\u00df vorbereitet, begangen oder begangen wurde<\/li>\n<li>Das Datum und die Umst\u00e4nde, unter denen Sie von dem Versto\u00df erfahren haben<\/li>\n<li>\n<div>Ihr Name, Nachname, pers\u00f6nliche Identifikationsnummer oder Geburtsdatum, Besch\u00e4ftigungsort und Kontaktdaten, damit wir Sie erreichen k\u00f6nnen<\/div>\n<\/li>\n<li>Es ist zwingend anzugeben, dass der Bericht gem\u00e4\u00df dem Gesetz zum Schutz von Hinweisgebern der Republik Litauen eingereicht wird<\/li>\n<\/ul>\n<p>Berichte werden gem\u00e4\u00df dem innerhalb der Umega Group, AB, genehmigten \u201eVerfahren zur Einreichung und Bearbeitung von Informationen nach dem Gesetz zum Schutz von Hinweisgebern\u201c bewertet. Die Bewertung der Informationen im Bericht und die Durchf\u00fchrung der in diesem Verfahren genannten Aufgaben erfolgt durch die Rechtsberatung der Umega Group, AB.<\/p>\n<p>&nbsp;<\/p>\n<p><strong>Wir gew\u00e4hrleisten die Vertraulichkeit der Person und der bereitgestellten Informationen.<\/strong><\/p>\n<p>Die Vertraulichkeitsverpflichtung gilt nicht, wenn:<\/p>\n<ul>\n<li>Die meldende Person schriftlich auf die Vertraulichkeit verzichtet<\/li>\n<li>Die meldende Person wissentlich falsche Informationen \u00fcbermittelt<\/li>\n<\/ul>\n<p>[\/vc_column_text][\/vc_column_inner][\/vc_row_inner][vc_empty_space empty_h=&#8220;1&#8243;][vc_separator uncode_shortcode_id=&#8220;191188&#8243; sep_color_type=&#8220;uncode-solid&#8220; sep_color_solid=&#8220;rgba(0,34,28,0.36)&#8220;][vc_empty_space empty_h=&#8220;1&#8243;][\/vc_column][\/vc_row][vc_row unlock_row_content=&#8220;yes&#8220; row_height_percent=&#8220;0&#8243; override_padding=&#8220;yes&#8220; h_padding=&#8220;5&#8243; top_padding=&#8220;2&#8243; bottom_padding=&#8220;2&#8243; overlay_alpha=&#8220;50&#8243; gutter_size=&#8220;3&#8243; column_width_percent=&#8220;100&#8243; shift_y=&#8220;0&#8243; z_index=&#8220;0&#8243; content_parallax=&#8220;0&#8243; uncode_shortcode_id=&#8220;113345&#8243;][vc_column width=&#8220;1\/1&#8243;][vc_custom_heading heading_semantic=&#8220;h3&#8243; text_font=&#8220;font-197714&#8243; text_weight=&#8220;300&#8243; text_space=&#8220;fontspace-781688&#8243; uncode_shortcode_id=&#8220;340241&#8243;]Sie k\u00f6nnen sich auch direkt an die zust\u00e4ndige Beh\u00f6rde wenden (die Staatsanwaltschaft der Republik Litauen).[\/vc_custom_heading][vc_row_inner row_inner_height_percent=&#8220;0&#8243; overlay_alpha=&#8220;50&#8243; gutter_size=&#8220;4&#8243; shift_y=&#8220;0&#8243; z_index=&#8220;0&#8243; uncode_shortcode_id=&#8220;183527&#8243;][vc_column_inner width=&#8220;1\/1&#8243;][vc_column_text uncode_shortcode_id=&#8220;159849&#8243; el_class=&#8220;black-list&#8220;]Sie k\u00f6nnen dies per E-Mail an folgende Adresse senden: <a href=\"mailto:praneseju.apsauga@prokuraturos.lt\">praneseju.apsauga@prokuraturos.lt<\/a><\/p>\n<p>Sie m\u00fcssen sich direkt an die zust\u00e4ndige Beh\u00f6rde wenden, wenn eine der folgenden Umst\u00e4nde zutrifft:<\/p>\n<ul>\n<li>Der Versto\u00df hat erhebliche Bedeutung f\u00fcr das \u00f6ffentliche Interesse<\/li>\n<li>Es ist ein sofortiges Handeln erforderlich, um den Versto\u00df aufgrund m\u00f6glicher erheblicher Sch\u00e4den zu verhindern oder zu stoppen<\/li>\n<li>Die Unternehmensleitung oder andere Personen in vertraglichen\/arbeitsrechtlichen Beziehungen zum Unternehmen k\u00f6nnten an dem Versto\u00df beteiligt oder daf\u00fcr verantwortlich sein<\/li>\n<li>Informationen wurden \u00fcber den internen Kanal eingereicht, jedoch keine Antwort erhalten, keine Ma\u00dfnahmen ergriffen oder die ergriffenen Ma\u00dfnahmen waren wirkungslos<\/li>\n<li>Es bestehen begr\u00fcndete Zweifel, dass der interne Kanal die Vertraulichkeit gew\u00e4hrleistet oder dass der Versto\u00df vertuscht werden k\u00f6nnte<\/li>\n<li>Die Organisation verf\u00fcgt nicht \u00fcber einen funktionierenden internen Hinweisgeberkanal<\/li>\n<li>Die Person kann den internen Kanal aufgrund der Beendigung ihres Arbeits- oder Rechtsverh\u00e4ltnisses zum Unternehmen nicht mehr nutzen<\/li>\n<\/ul>\n<p><strong>Hinweisgeber k\u00f6nnen gem\u00e4\u00df dem Gesetz zum Schutz von Hinweisgebern und anderen Rechtsvorschriften Schutz, Anreize und Unterst\u00fctzung erhalten.<\/strong><br \/>\n<strong>Das vors\u00e4tzliche \u00dcbermitteln falscher Informationen berechtigt nicht zum Schutz gem\u00e4\u00df dem Gesetz zum Schutz von Hinweisgebern.<\/strong> Personen, die wissentlich falsche Angaben machen, werden nach den Gesetzen der Republik Litauen zur Rechenschaft gezogen.[\/vc_column_text][\/vc_column_inner][\/vc_row_inner][vc_empty_space empty_h=&#8220;1&#8243;][vc_separator uncode_shortcode_id=&#8220;191188&#8243; sep_color_type=&#8220;uncode-solid&#8220; sep_color_solid=&#8220;rgba(0,34,28,0.36)&#8220;][vc_empty_space empty_h=&#8220;1&#8243;][\/vc_column][\/vc_row][vc_row unlock_row_content=&#8220;yes&#8220; row_height_percent=&#8220;0&#8243; override_padding=&#8220;yes&#8220; h_padding=&#8220;5&#8243; top_padding=&#8220;2&#8243; bottom_padding=&#8220;1&#8243; overlay_alpha=&#8220;50&#8243; gutter_size=&#8220;3&#8243; column_width_percent=&#8220;100&#8243; shift_y=&#8220;0&#8243; z_index=&#8220;0&#8243; content_parallax=&#8220;0&#8243; uncode_shortcode_id=&#8220;163113&#8243;][vc_column width=&#8220;1\/1&#8243;][vc_custom_heading text_color=&#8220;color-673602&#8243; heading_semantic=&#8220;h6&#8243; text_font=&#8220;font-197714&#8243; text_size=&#8220;h6&#8243; text_weight=&#8220;400&#8243; text_space=&#8220;fontspace-111509&#8243; badge_style=&#8220;yes&#8220; radius=&#8220;xl&#8220; uncode_shortcode_id=&#8220;147899&#8243; back_color_type=&#8220;uncode-solid&#8220; text_color_type=&#8220;uncode-palette&#8220; back_color_solid=&#8220;#e8e2d7&#8243;]Relevante Rechtsvorschriften[\/vc_custom_heading][vc_row_inner row_inner_height_percent=&#8220;0&#8243; overlay_alpha=&#8220;50&#8243; gutter_size=&#8220;0&#8243; shift_y=&#8220;0&#8243; z_index=&#8220;0&#8243; uncode_shortcode_id=&#8220;536831&#8243;][vc_column_inner width=&#8220;10\/12&#8243;][vc_column_text uncode_shortcode_id=&#8220;208382&#8243; el_class=&#8220;styled-list&#8220;]<\/p>\n<ul>\n<li>Gesetz zum Schutz von Hinweisgebern der Republik Litauen<\/li>\n<li>Beschluss der Regierung der Republik Litauen vom 14. November 2018 zur Umsetzung des Gesetzes zum Schutz von Hinweisgebern, der Folgendes umfasst:\n<ul>\n<li>Verfahren zur Belohnung von Hinweisgebern f\u00fcr wertvolle Informationen<\/li>\n<li>Verfahren zur Entsch\u00e4digung von Hinweisgebern f\u00fcr negative Folgen aus der Meldung<\/li>\n<li>Verfahren zur Einrichtung und Aufrechterhaltung interner Hinweisgeberkan\u00e4le<\/li>\n<\/ul>\n<\/li>\n<\/ul>\n<p>[\/vc_column_text][\/vc_column_inner][vc_column_inner width=&#8220;2\/12&#8243;][\/vc_column_inner][\/vc_row_inner][vc_empty_space empty_h=&#8220;0&#8243;][\/vc_column][\/vc_row][vc_row unlock_row_content=&#8220;yes&#8220; row_height_percent=&#8220;0&#8243; override_padding=&#8220;yes&#8220; h_padding=&#8220;5&#8243; top_padding=&#8220;0&#8243; bottom_padding=&#8220;3&#8243; overlay_alpha=&#8220;50&#8243; gutter_size=&#8220;3&#8243; column_width_percent=&#8220;100&#8243; shift_y=&#8220;0&#8243; z_index=&#8220;0&#8243; content_parallax=&#8220;0&#8243; uncode_shortcode_id=&#8220;138733&#8243;][vc_column width=&#8220;1\/1&#8243;][vc_row_inner row_inner_height_percent=&#8220;0&#8243; overlay_alpha=&#8220;50&#8243; gutter_size=&#8220;3&#8243; shift_y=&#8220;0&#8243; z_index=&#8220;0&#8243; uncode_shortcode_id=&#8220;195744&#8243;][vc_column_inner column_width_percent=&#8220;100&#8243; gutter_size=&#8220;3&#8243; override_padding=&#8220;yes&#8220; column_padding=&#8220;4&#8243; overlay_alpha=&#8220;50&#8243; radius=&#8220;lg&#8220; shift_x=&#8220;0&#8243; shift_y=&#8220;0&#8243; shift_y_down=&#8220;0&#8243; z_index=&#8220;0&#8243; medium_width=&#8220;0&#8243; mobile_width=&#8220;0&#8243; width=&#8220;1\/1&#8243; uncode_shortcode_id=&#8220;562280&#8243; back_color_type=&#8220;uncode-solid&#8220; back_color_solid=&#8220;#e8e2d7&#8243;][vc_custom_heading text_color=&#8220;color-673602&#8243; heading_semantic=&#8220;h3&#8243; text_font=&#8220;font-197714&#8243; text_size=&#8220;h3&#8243; text_weight=&#8220;300&#8243; text_space=&#8220;fontspace-781688&#8243; uncode_shortcode_id=&#8220;364986&#8243; text_color_type=&#8220;uncode-palette&#8220;]Statistik der eingegangenen Meldungen: 0[\/vc_custom_heading][\/vc_column_inner][\/vc_row_inner][\/vc_column][\/vc_row]<\/p>\n<\/div>","protected":false},"excerpt":{"rendered":"<p>[vc_row unlock_row_content=&#8220;yes&#8220; row_height_percent=&#8220;0&#8243; override_padding=&#8220;yes&#8220; h_padding=&#8220;5&#8243; top_padding=&#8220;7&#8243; bottom_padding=&#8220;4&#8243; back_image=&#8220;155934&#8243; back_repeat=&#8220;no-repeat&#8220; back_position=&#8220;center top&#8220; overlay_alpha=&#8220;50&#8243; overlay_color_blend=&#8220;multiply&#8220; overlay_animated=&#8220;yes&#8220; overlay_animated_speed=&#8220;100&#8243; overlay_animated_size=&#8220;0.7&#8243; gutter_size=&#8220;3&#8243; column_width_percent=&#8220;100&#8243; shift_y=&#8220;0&#8243; z_index=&#8220;0&#8243; [&hellip;]<\/p>\n","protected":false},"author":1,"featured_media":0,"parent":0,"menu_order":0,"comment_status":"closed","ping_status":"closed","template":"","meta":{"footnotes":""},"class_list":["post-157227","page","type-page","status-publish","hentry"],"_links":{"self":[{"href":"https:\/\/umegagroup.com\/de\/wp-json\/wp\/v2\/pages\/157227","targetHints":{"allow":["GET"]}}],"collection":[{"href":"https:\/\/umegagroup.com\/de\/wp-json\/wp\/v2\/pages"}],"about":[{"href":"https:\/\/umegagroup.com\/de\/wp-json\/wp\/v2\/types\/page"}],"author":[{"embeddable":true,"href":"https:\/\/umegagroup.com\/de\/wp-json\/wp\/v2\/users\/1"}],"replies":[{"embeddable":true,"href":"https:\/\/umegagroup.com\/de\/wp-json\/wp\/v2\/comments?post=157227"}],"version-history":[{"count":8,"href":"https:\/\/umegagroup.com\/de\/wp-json\/wp\/v2\/pages\/157227\/revisions"}],"predecessor-version":[{"id":157382,"href":"https:\/\/umegagroup.com\/de\/wp-json\/wp\/v2\/pages\/157227\/revisions\/157382"}],"wp:attachment":[{"href":"https:\/\/umegagroup.com\/de\/wp-json\/wp\/v2\/media?parent=157227"}],"curies":[{"name":"wp","href":"https:\/\/api.w.org\/{rel}","templated":true}]}}