{"id":157217,"date":"2025-05-07T11:56:32","date_gmt":"2025-05-07T11:56:32","guid":{"rendered":"https:\/\/umegagroup.com\/contacts\/"},"modified":"2025-08-22T12:08:09","modified_gmt":"2025-08-22T12:08:09","slug":"contacts","status":"publish","type":"page","link":"https:\/\/umegagroup.com\/de\/contacts\/","title":{"rendered":"Contacts"},"content":{"rendered":"<div class=\"wpb-content-wrapper\"><p>[vc_row unlock_row_content=&#8220;yes&#8220; row_height_percent=&#8220;0&#8243; override_padding=&#8220;yes&#8220; h_padding=&#8220;5&#8243; top_padding=&#8220;7&#8243; bottom_padding=&#8220;4&#8243; back_image=&#8220;155934&#8243; back_repeat=&#8220;no-repeat&#8220; back_position=&#8220;center top&#8220; overlay_alpha=&#8220;50&#8243; overlay_color_blend=&#8220;multiply&#8220; overlay_animated=&#8220;yes&#8220; overlay_animated_speed=&#8220;100&#8243; overlay_animated_size=&#8220;0.7&#8243; gutter_size=&#8220;3&#8243; column_width_percent=&#8220;100&#8243; shift_y=&#8220;0&#8243; z_index=&#8220;0&#8243; content_parallax=&#8220;0&#8243; uncode_shortcode_id=&#8220;791174&#8243; overlay_animated_1_color_type=&#8220;uncode-solid&#8220; overlay_animated_1_color_solid=&#8220;#518883&#8243; overlay_animated_2_color_type=&#8220;uncode-solid&#8220; overlay_animated_2_color_solid=&#8220;#74faba&#8220;][vc_column width=&#8220;1\/1&#8243;][vc_row_inner][vc_column_inner width=&#8220;1\/1&#8243;][vc_custom_heading auto_text=&#8220;yes&#8220; text_color=&#8220;color-xsdn&#8220; heading_semantic=&#8220;h1&#8243; text_font=&#8220;font-197714&#8243; text_size=&#8220;fontsize-338686&#8243; text_weight=&#8220;300&#8243; text_space=&#8220;fontspace-111509&#8243; uncode_shortcode_id=&#8220;513820&#8243; text_color_type=&#8220;uncode-palette&#8220;]This is a custom heading element.[\/vc_custom_heading][\/vc_column_inner][\/vc_row_inner][\/vc_column][\/vc_row][vc_row unlock_row_content=&#8220;yes&#8220; row_height_percent=&#8220;0&#8243; override_padding=&#8220;yes&#8220; h_padding=&#8220;5&#8243; top_padding=&#8220;3&#8243; bottom_padding=&#8220;3&#8243; overlay_alpha=&#8220;50&#8243; gutter_size=&#8220;3&#8243; column_width_percent=&#8220;100&#8243; shift_y=&#8220;0&#8243; z_index=&#8220;0&#8243; content_parallax=&#8220;0&#8243; uncode_shortcode_id=&#8220;194946&#8243;][vc_column column_width_percent=&#8220;100&#8243; position_vertical=&#8220;middle&#8220; gutter_size=&#8220;4&#8243; overlay_alpha=&#8220;50&#8243; shift_x=&#8220;0&#8243; shift_y=&#8220;0&#8243; shift_y_down=&#8220;0&#8243; z_index=&#8220;0&#8243; medium_width=&#8220;0&#8243; mobile_width=&#8220;0&#8243; width=&#8220;1\/2&#8243; uncode_shortcode_id=&#8220;938969&#8243;][vc_row_inner row_inner_height_percent=&#8220;0&#8243; overlay_alpha=&#8220;50&#8243; equal_height=&#8220;yes&#8220; gutter_size=&#8220;3&#8243; shift_y=&#8220;0&#8243; z_index=&#8220;0&#8243; uncode_shortcode_id=&#8220;424167&#8243;][vc_column_inner column_width_percent=&#8220;100&#8243; position_vertical=&#8220;middle&#8220; gutter_size=&#8220;3&#8243; overlay_alpha=&#8220;50&#8243; shift_x=&#8220;0&#8243; shift_y=&#8220;0&#8243; shift_y_down=&#8220;0&#8243; z_index=&#8220;0&#8243; medium_width=&#8220;0&#8243; mobile_width=&#8220;0&#8243; width=&#8220;1\/1&#8243; uncode_shortcode_id=&#8220;338401&#8243;][vc_custom_heading text_font=&#8220;font-197714&#8243; text_weight=&#8220;300&#8243; text_space=&#8220;fontspace-111509&#8243; uncode_shortcode_id=&#8220;133048&#8243;]<a href=\"tel:+370 626 42079\">+370 626 42079<\/a>[\/vc_custom_heading][vc_custom_heading text_font=&#8220;font-197714&#8243; text_weight=&#8220;300&#8243; text_space=&#8220;fontspace-111509&#8243; uncode_shortcode_id=&#8220;133180&#8243;]<a href=\"mailto:info@umegagroup.com\">info@umegagroup.com<\/a>[\/vc_custom_heading][\/vc_column_inner][\/vc_row_inner][\/vc_column][vc_column column_width_percent=&#8220;100&#8243; position_vertical=&#8220;middle&#8220; gutter_size=&#8220;3&#8243; override_padding=&#8220;yes&#8220; column_padding=&#8220;3&#8243; overlay_alpha=&#8220;50&#8243; radius=&#8220;lg&#8220; shift_x=&#8220;0&#8243; shift_y=&#8220;0&#8243; shift_y_down=&#8220;0&#8243; z_index=&#8220;0&#8243; medium_width=&#8220;0&#8243; mobile_width=&#8220;0&#8243; width=&#8220;1\/2&#8243; uncode_shortcode_id=&#8220;745845&#8243; back_color_type=&#8220;uncode-solid&#8220; back_color_solid=&#8220;#e8e2d7&#8243; css=&#8220;.vc_custom_1746621320595{padding-left: 80px !important;}&#8220;][vc_custom_heading text_font=&#8220;font-197714&#8243; text_weight=&#8220;300&#8243; text_space=&#8220;fontspace-111509&#8243; uncode_shortcode_id=&#8220;670255&#8243;]Umega Group, AB[\/vc_custom_heading][vc_column_text text_color=&#8220;color-prif&#8220; uncode_shortcode_id=&#8220;127302&#8243; el_class=&#8220;underline-list&#8220; text_color_type=&#8220;uncode-palette&#8220;]Unternehmenscode: 126334727<br \/>\nMwSt #: LT263347219<br \/>\nMetalo str. 5, LT-28216 Utena, Lithuania[\/vc_column_text][\/vc_column][\/vc_row][vc_row][vc_column width=&#8220;1\/1&#8243;][uncode_block id=&#8220;157198&#8243;][\/vc_column][\/vc_row][vc_row unlock_row_content=&#8220;yes&#8220; row_height_percent=&#8220;0&#8243; override_padding=&#8220;yes&#8220; h_padding=&#8220;5&#8243; top_padding=&#8220;2&#8243; bottom_padding=&#8220;4&#8243; overlay_alpha=&#8220;50&#8243; gutter_size=&#8220;3&#8243; column_width_percent=&#8220;100&#8243; shift_y=&#8220;0&#8243; z_index=&#8220;0&#8243; content_parallax=&#8220;0&#8243; uncode_shortcode_id=&#8220;334559&#8243; el_id=&#8220;report-form&#8220;][vc_column width=&#8220;1\/1&#8243;][vc_custom_heading heading_semantic=&#8220;h3&#8243; text_font=&#8220;font-197714&#8243; text_weight=&#8220;300&#8243; text_space=&#8220;fontspace-781688&#8243; uncode_shortcode_id=&#8220;877595&#8243;]Formular f\u00fcr Transparenzberichte[\/vc_custom_heading][vc_column_text text_color=&#8220;color-673602&#8243; uncode_shortcode_id=&#8220;285708&#8243; text_color_type=&#8220;uncode-palette&#8220;]Wir verpflichten uns, die Anonymit\u00e4t und Vertraulichkeit der bereitgestellten Informationen zu wahren. Wir ermutigen Sie, so viele Informationen wie m\u00f6glich bereitzustellen und Ihre Kontaktdaten zu hinterlassen \u2013 je mehr Daten uns zur Verf\u00fcgung stehen, desto gr\u00fcndlicher k\u00f6nnen wir den gemeldeten Vorfall analysieren. Vielen Dank f\u00fcr Ihr Engagement![\/vc_column_text][vc_empty_space empty_h=&#8220;2&#8243;]\n<div class=\"wpcf7 no-js\" id=\"wpcf7-f157225-o1\" lang=\"de-DE\" dir=\"ltr\" data-wpcf7-id=\"157225\">\n<div class=\"screen-reader-response\"><p role=\"status\" aria-live=\"polite\" aria-atomic=\"true\"><\/p> <ul><\/ul><\/div>\n<form action=\"\/de\/wp-json\/wp\/v2\/pages\/157217#wpcf7-f157225-o1\" method=\"post\" class=\"wpcf7-form init input-underline form-no-labels\" aria-label=\"Kontaktformular\" novalidate=\"novalidate\" data-status=\"init\">\n<fieldset class=\"hidden-fields-container\"><input type=\"hidden\" name=\"_wpcf7\" value=\"157225\" \/><input type=\"hidden\" name=\"_wpcf7_version\" value=\"6.1\" \/><input type=\"hidden\" name=\"_wpcf7_locale\" value=\"de_DE\" \/><input type=\"hidden\" name=\"_wpcf7_unit_tag\" value=\"wpcf7-f157225-o1\" \/><input type=\"hidden\" name=\"_wpcf7_container_post\" value=\"0\" \/><input type=\"hidden\" name=\"_wpcf7_posted_data_hash\" value=\"\" \/>\n<\/fieldset>\n<p class=\"half\"><span class=\"wpcf7-form-control-wrap\" data-name=\"select-676\"><select class=\"wpcf7-form-control wpcf7-select wpcf7-validates-as-required\" aria-required=\"true\" aria-invalid=\"false\" name=\"select-676\"><option value=\"\">Konzerngesellschaft, in der der potenzielle Versto\u00df aufgetreten ist<\/option><option value=\"Umega Group, AB\">Umega Group, AB<\/option><option value=\"Hennordic, UAB\">Hennordic, UAB<\/option><option value=\"Hentech, UAB\">Hentech, UAB<\/option><option value=\"Umega Agro, UAB\">Umega Agro, UAB<\/option><option value=\"Snoltherm, UAB\">Snoltherm, UAB<\/option><option value=\"Snolvalda, UAB\">Snolvalda, UAB<\/option><option value=\"Walter Th. Hennecke GmbH\">Walter Th. Hennecke GmbH<\/option><option value=\"SnolTherm GmbH\">SnolTherm GmbH<\/option><\/select><\/span>\n<\/p>\n<p class=\"half\"><span class=\"wpcf7-form-control-wrap\" data-name=\"text-658\"><input size=\"40\" maxlength=\"400\" class=\"wpcf7-form-control wpcf7-text\" aria-invalid=\"false\" placeholder=\"Abteilung \/ Bereich, in dem der potenzielle Versto\u00df aufgetreten ist\" value=\"\" type=\"text\" name=\"text-658\" \/><\/span>\n<\/p>\n<p class=\"full\"><span class=\"wpcf7-form-control-wrap\" data-name=\"select-686\"><select class=\"wpcf7-form-control wpcf7-select wpcf7-validates-as-required\" aria-required=\"true\" aria-invalid=\"false\" name=\"select-686\"><option value=\"\">Thema im Zusammenhang mit dem potenziellen Versto\u00df<\/option><option value=\"Gesch\u00e4ftsethik\">Gesch\u00e4ftsethik<\/option><option value=\"Ethische Besch\u00e4ftigung\">Ethische Besch\u00e4ftigung<\/option><option value=\"Chancengleichheit\">Chancengleichheit<\/option><option value=\"Menschenrechte\">Menschenrechte<\/option><option value=\"Umweltschutz\">Umweltschutz<\/option><option value=\"Lieferanten\">Lieferanten<\/option><option value=\"Gewalt und Bel\u00e4stigung\">Gewalt und Bel\u00e4stigung<\/option><option value=\"Sonstiges\">Sonstiges<\/option><\/select><\/span>\n<\/p>\n<p class=\"form-text\">Bitte beschreiben Sie die Situation, die Ihnen Sorgen bereitet, ausf\u00fchrlich: Ort, Zeitpunkt, Beteiligte und alle weiteren Umst\u00e4nde, die Sie f\u00fcr wichtig halten.\n<\/p>\n<p class=\"full\"><span class=\"wpcf7-form-control-wrap\" data-name=\"textarea-513\"><textarea cols=\"40\" rows=\"10\" maxlength=\"2000\" class=\"wpcf7-form-control wpcf7-textarea\" aria-invalid=\"false\" placeholder=\"Ihr Bericht\" name=\"textarea-513\"><\/textarea><\/span>\n<\/p>\n<p class=\"full\"><span class=\"wpcf7-form-control-wrap\" data-name=\"mfile-144\"><input size=\"40\" class=\"wpcf7-form-control wpcf7-drag-n-drop-file d-none\" aria-invalid=\"false\" type=\"file\" multiple=\"multiple\" data-name=\"mfile-144\" data-type=\"pdf|jpg|png|txt\" data-limit=\"500000\" data-min=\"0\" data-max=\"5\" data-id=\"157225\" data-version=\"free version 1.3.9.0\" accept=\".pdf, .jpg, .png, .txt\" \/><\/span>\n<\/p>\n<p class=\"form-text\">Wenn Sie einverstanden sind, geben Sie bitte Ihre Kontaktdaten an, damit wir uns bei R\u00fcckfragen mit Ihnen in Verbindung setzen k\u00f6nnen. Bei einer anonymen Meldung besteht das Risiko, dass wir die Situation nicht vollst\u00e4ndig analysieren k\u00f6nnen, da eine Kl\u00e4rung der Umst\u00e4nde mit der meldenden Person nicht m\u00f6glich ist.\n<\/p>\n<p class=\"half\"><span class=\"wpcf7-form-control-wrap\" data-name=\"text-668\"><input size=\"40\" maxlength=\"400\" class=\"wpcf7-form-control wpcf7-text\" aria-invalid=\"false\" placeholder=\"Vor- und Nachname (optional)\" value=\"\" type=\"text\" name=\"text-668\" \/><\/span>\n<\/p>\n<p class=\"half\"><span class=\"wpcf7-form-control-wrap\" data-name=\"text-688\"><input size=\"40\" maxlength=\"400\" class=\"wpcf7-form-control wpcf7-text\" aria-invalid=\"false\" placeholder=\"Telefon und\/oder E-Mail (optional)\" value=\"\" type=\"text\" name=\"text-688\" \/><\/span>\n<\/p>\n<p class=\"form-text\">Bitte geben Sie in Ihrem Bericht keine sensiblen personenbezogenen Daten an (wie Gesundheitsdaten, finanzielle Informationen, ethnische Herkunft, Religion, sexuelle Orientierung etc.), es sei denn, dies ist zur Beschreibung der Situation unbedingt erforderlich. Bitte beachten Sie, dass Sie nach dem Absenden des Berichts diesen nicht mehr einsehen k\u00f6nnen. Wenn Sie m\u00f6chten, speichern Sie eine Kopie f\u00fcr Ihre Unterlagen.\n<\/p>\n<p><input class=\"wpcf7-form-control wpcf7-submit has-spinner btn btn-accent\" type=\"submit\" value=\"Absenden\" \/><br \/>\n<span id=\"wpcf7-69e79ab25eed5-wrapper\" class=\"wpcf7-form-control-wrap mobile-wrap\" ><input type=\"hidden\" name=\"mobile-time-start\" value=\"1776786098\"><input type=\"hidden\" name=\"mobile-time-check\" value=\"4\"><label for=\"asfqwerx123\" class=\"hp-message\">Bitte lasse dieses Feld leer.<\/label><input id=\"asfqwerx123\"  class=\"wpcf7-form-control wpcf7-text sdf123\" type=\"text\" name=\"mobile\" value=\"\" size=\"40\" tabindex=\"-1\" autocomplete=\"new-password\" \/><\/span>\n<\/p><p style=\"display: none !important;\" class=\"akismet-fields-container\" data-prefix=\"_wpcf7_ak_\"><label>&#916;<textarea name=\"_wpcf7_ak_hp_textarea\" cols=\"45\" rows=\"8\" maxlength=\"100\"><\/textarea><\/label><input type=\"hidden\" id=\"ak_js_1\" name=\"_wpcf7_ak_js\" value=\"45\"\/><script>document.getElementById( \"ak_js_1\" ).setAttribute( \"value\", ( new Date() ).getTime() );<\/script><\/p><div class=\"wpcf7-response-output\" aria-hidden=\"true\"><\/div>\n<\/form>\n<\/div>\n[vc_empty_space empty_h=&#8220;2&#8243;][\/vc_column][\/vc_row]<\/p>\n<\/div>","protected":false},"excerpt":{"rendered":"<p>[vc_row unlock_row_content=&#8220;yes&#8220; row_height_percent=&#8220;0&#8243; override_padding=&#8220;yes&#8220; h_padding=&#8220;5&#8243; top_padding=&#8220;7&#8243; bottom_padding=&#8220;4&#8243; back_image=&#8220;155934&#8243; back_repeat=&#8220;no-repeat&#8220; back_position=&#8220;center top&#8220; overlay_alpha=&#8220;50&#8243; overlay_color_blend=&#8220;multiply&#8220; overlay_animated=&#8220;yes&#8220; overlay_animated_speed=&#8220;100&#8243; overlay_animated_size=&#8220;0.7&#8243; gutter_size=&#8220;3&#8243; column_width_percent=&#8220;100&#8243; shift_y=&#8220;0&#8243; z_index=&#8220;0&#8243; [&hellip;]<\/p>\n","protected":false},"author":1,"featured_media":0,"parent":0,"menu_order":0,"comment_status":"closed","ping_status":"closed","template":"","meta":{"footnotes":""},"class_list":["post-157217","page","type-page","status-publish","hentry"],"_links":{"self":[{"href":"https:\/\/umegagroup.com\/de\/wp-json\/wp\/v2\/pages\/157217","targetHints":{"allow":["GET"]}}],"collection":[{"href":"https:\/\/umegagroup.com\/de\/wp-json\/wp\/v2\/pages"}],"about":[{"href":"https:\/\/umegagroup.com\/de\/wp-json\/wp\/v2\/types\/page"}],"author":[{"embeddable":true,"href":"https:\/\/umegagroup.com\/de\/wp-json\/wp\/v2\/users\/1"}],"replies":[{"embeddable":true,"href":"https:\/\/umegagroup.com\/de\/wp-json\/wp\/v2\/comments?post=157217"}],"version-history":[{"count":4,"href":"https:\/\/umegagroup.com\/de\/wp-json\/wp\/v2\/pages\/157217\/revisions"}],"predecessor-version":[{"id":157222,"href":"https:\/\/umegagroup.com\/de\/wp-json\/wp\/v2\/pages\/157217\/revisions\/157222"}],"wp:attachment":[{"href":"https:\/\/umegagroup.com\/de\/wp-json\/wp\/v2\/media?parent=157217"}],"curies":[{"name":"wp","href":"https:\/\/api.w.org\/{rel}","templated":true}]}}