{"id":157205,"date":"2025-05-05T09:55:29","date_gmt":"2025-05-05T09:55:29","guid":{"rendered":"https:\/\/umegagroup.com\/committed-to-sustainability\/"},"modified":"2025-10-28T13:19:05","modified_gmt":"2025-10-28T13:19:05","slug":"engagiert-fuer-nachhaltigkeit","status":"publish","type":"page","link":"https:\/\/umegagroup.com\/de\/engagiert-fuer-nachhaltigkeit\/","title":{"rendered":"Engagiert f\u00fcr Nachhaltigkeit"},"content":{"rendered":"<div class=\"wpb-content-wrapper\"><p>[vc_row unlock_row_content=&#8220;yes&#8220; row_height_percent=&#8220;0&#8243; override_padding=&#8220;yes&#8220; h_padding=&#8220;5&#8243; top_padding=&#8220;7&#8243; bottom_padding=&#8220;4&#8243; back_image=&#8220;155934&#8243; back_repeat=&#8220;no-repeat&#8220; back_position=&#8220;center top&#8220; overlay_alpha=&#8220;50&#8243; overlay_color_blend=&#8220;multiply&#8220; overlay_animated=&#8220;yes&#8220; overlay_animated_speed=&#8220;100&#8243; overlay_animated_size=&#8220;0.7&#8243; gutter_size=&#8220;3&#8243; column_width_percent=&#8220;100&#8243; shift_y=&#8220;0&#8243; z_index=&#8220;0&#8243; content_parallax=&#8220;0&#8243; uncode_shortcode_id=&#8220;791174&#8243; overlay_animated_1_color_type=&#8220;uncode-solid&#8220; overlay_animated_1_color_solid=&#8220;#518883&#8243; overlay_animated_2_color_type=&#8220;uncode-solid&#8220; overlay_animated_2_color_solid=&#8220;#74faba&#8220;][vc_column width=&#8220;1\/1&#8243;][vc_row_inner][vc_column_inner width=&#8220;1\/1&#8243;][vc_custom_heading auto_text=&#8220;yes&#8220; text_color=&#8220;color-xsdn&#8220; heading_semantic=&#8220;h1&#8243; text_font=&#8220;font-197714&#8243; text_size=&#8220;fontsize-338686&#8243; text_weight=&#8220;300&#8243; text_space=&#8220;fontspace-111509&#8243; uncode_shortcode_id=&#8220;513820&#8243; text_color_type=&#8220;uncode-palette&#8220;]This is a custom heading element.[\/vc_custom_heading][\/vc_column_inner][\/vc_row_inner][\/vc_column][\/vc_row][vc_row unlock_row_content=&#8220;yes&#8220; row_height_percent=&#8220;0&#8243; override_padding=&#8220;yes&#8220; h_padding=&#8220;5&#8243; top_padding=&#8220;0&#8243; bottom_padding=&#8220;5&#8243; overlay_alpha=&#8220;50&#8243; gutter_size=&#8220;3&#8243; column_width_percent=&#8220;100&#8243; shift_y=&#8220;0&#8243; z_index=&#8220;0&#8243; content_parallax=&#8220;0&#8243; uncode_shortcode_id=&#8220;666087&#8243;][vc_column column_width_percent=&#8220;100&#8243; gutter_size=&#8220;4&#8243; overlay_alpha=&#8220;50&#8243; shift_x=&#8220;0&#8243; shift_y=&#8220;0&#8243; shift_y_down=&#8220;0&#8243; z_index=&#8220;0&#8243; medium_width=&#8220;0&#8243; mobile_width=&#8220;0&#8243; width=&#8220;1\/1&#8243; uncode_shortcode_id=&#8220;730276&#8243;][vc_empty_space empty_h=&#8220;3&#8243;][vc_row_inner row_inner_height_percent=&#8220;0&#8243; overlay_alpha=&#8220;50&#8243; gutter_size=&#8220;5&#8243; shift_y=&#8220;0&#8243; z_index=&#8220;0&#8243; limit_content=&#8220;&#8220; uncode_shortcode_id=&#8220;491057&#8243;][vc_column_inner column_width_percent=&#8220;100&#8243; gutter_size=&#8220;5&#8243; overlay_alpha=&#8220;50&#8243; shift_x=&#8220;0&#8243; shift_y=&#8220;0&#8243; shift_y_down=&#8220;0&#8243; z_index=&#8220;0&#8243; medium_visibility=&#8220;yes&#8220; medium_width=&#8220;0&#8243; mobile_width=&#8220;0&#8243; width=&#8220;1\/2&#8243; uncode_shortcode_id=&#8220;155797&#8243;][vc_custom_heading heading_semantic=&#8220;h3&#8243; text_font=&#8220;font-197714&#8243; text_weight=&#8220;300&#8243; text_space=&#8220;fontspace-111509&#8243; uncode_shortcode_id=&#8220;182630&#8243;]Nachhaltigkeit durchzieht s\u00e4mtliche Aktivit\u00e4ten unserer Unternehmen. Wir streben Fortschritt und Wachstum an und legen gro\u00dfen Wert darauf, dass alle Stakeholder unsere Ziele und Handlungen auf dem Weg zu einer nachhaltigen Organisation verstehen.[\/vc_custom_heading][vc_column_text uncode_shortcode_id=&#8220;946415&#8243; el_class=&#8220;styled-list&#8220;]Entdecken Sie die Dokumente, die unser Engagement und unsere Anstrengungen erl\u00e4utern, L\u00f6sungen zu entwickeln, die Menschen und Umwelt bestm\u00f6glich sch\u00fctzen.[\/vc_column_text][\/vc_column_inner][vc_column_inner column_width_percent=&#8220;100&#8243; position_vertical=&#8220;justify&#8220; gutter_size=&#8220;3&#8243; overlay_alpha=&#8220;50&#8243; shift_x=&#8220;0&#8243; shift_y=&#8220;0&#8243; shift_y_down=&#8220;0&#8243; z_index=&#8220;0&#8243; medium_width=&#8220;0&#8243; mobile_width=&#8220;0&#8243; width=&#8220;1\/2&#8243; uncode_shortcode_id=&#8220;841976&#8243;][vc_single_image media=&#8220;157459&#8243; media_width_percent=&#8220;100&#8243; shape=&#8220;img-round&#8220; radius=&#8220;lg&#8220; advanced=&#8220;yes&#8220; media_overlay_opacity=&#8220;50&#8243; media_overlay_anim=&#8220;no&#8220; media_text_anim=&#8220;no&#8220; media_image_anim=&#8220;scroll&#8220; media_image_scroll=&#8220;zoom&#8220; media_image_scroll_val=&#8220;5&#8243; media_padding=&#8220;2&#8243; uncode_shortcode_id=&#8220;107632&#8243;][\/vc_column_inner][\/vc_row_inner][\/vc_column][\/vc_row][vc_row unlock_row_content=&#8220;yes&#8220; row_height_percent=&#8220;0&#8243; override_padding=&#8220;yes&#8220; h_padding=&#8220;5&#8243; top_padding=&#8220;2&#8243; bottom_padding=&#8220;2&#8243; overlay_alpha=&#8220;50&#8243; gutter_size=&#8220;3&#8243; column_width_percent=&#8220;100&#8243; shift_y=&#8220;0&#8243; z_index=&#8220;0&#8243; content_parallax=&#8220;0&#8243; uncode_shortcode_id=&#8220;957141&#8243;][vc_column width=&#8220;1\/1&#8243;][vc_custom_heading text_color=&#8220;color-673602&#8243; heading_semantic=&#8220;h6&#8243; text_font=&#8220;font-197714&#8243; text_size=&#8220;h6&#8243; text_weight=&#8220;400&#8243; text_space=&#8220;fontspace-781688&#8243; badge_style=&#8220;yes&#8220; radius=&#8220;xl&#8220; uncode_shortcode_id=&#8220;122695&#8243; back_color_type=&#8220;uncode-solid&#8220; text_color_type=&#8220;uncode-palette&#8220; back_color_solid=&#8220;#e8e2d7&#8243;]Entdecken Sie unsere Berichte und Richtlinien[\/vc_custom_heading][\/vc_column][\/vc_row][vc_row unlock_row_content=&#8220;yes&#8220; row_height_percent=&#8220;0&#8243; override_padding=&#8220;yes&#8220; h_padding=&#8220;5&#8243; top_padding=&#8220;2&#8243; bottom_padding=&#8220;4&#8243; overlay_alpha=&#8220;50&#8243; equal_height=&#8220;yes&#8220; gutter_size=&#8220;3&#8243; column_width_percent=&#8220;100&#8243; shift_y=&#8220;0&#8243; z_index=&#8220;0&#8243; content_parallax=&#8220;0&#8243; uncode_shortcode_id=&#8220;309876&#8243;][vc_column column_width_percent=&#8220;100&#8243; position_vertical=&#8220;justify&#8220; gutter_size=&#8220;3&#8243; override_padding=&#8220;yes&#8220; column_padding=&#8220;2&#8243; back_image=&#8220;156683&#8243; overlay_alpha=&#8220;100&#8243; radius=&#8220;lg&#8220; shift_x=&#8220;0&#8243; shift_y=&#8220;0&#8243; shift_y_down=&#8220;0&#8243; z_index=&#8220;0&#8243; medium_width=&#8220;0&#8243; mobile_width=&#8220;0&#8243; width=&#8220;5\/12&#8243; uncode_shortcode_id=&#8220;478080&#8243; overlay_color_type=&#8220;uncode-gradient&#8220; overlay_color_gradient=&#8220;{&#8222;css&#8222;:&#8222;background: linear-gradient(to bottom , rgb(31, 39, 27) 31% , rgba(31, 39, 27, 0.75) 100%);&#8222;,&#8222;sliders&#8222;:`{`{&#8222;color&#8222;:&#8222;rgb(31, 39, 27)&#8222;,&#8222;position&#8222;:31},{&#8222;color&#8222;:&#8222;rgba(31, 39, 27, 0.75)&#8222;,&#8222;position&#8222;:100}`}`,&#8222;type&#8222;:&#8222;linear&#8222;,&#8222;direction&#8222;:&#8222;top&#8222;}&#8220;][vc_row_inner][vc_column_inner width=&#8220;1\/1&#8243;][vc_empty_space empty_h=&#8220;0&#8243;][vc_custom_heading heading_semantic=&#8220;h6&#8243; text_font=&#8220;font-197714&#8243; text_size=&#8220;h6&#8243; text_weight=&#8220;400&#8243; text_space=&#8220;fontspace-781688&#8243; badge_style=&#8220;yes&#8220; radius=&#8220;xl&#8220; uncode_shortcode_id=&#8220;842365&#8243; back_color_type=&#8220;uncode-solid&#8220; text_color_type=&#8220;uncode-solid&#8220; back_color_solid=&#8220;rgba(255,255,255,0.2)&#8220; text_color_solid=&#8220;#ffffff&#8220;]Herunterladen[\/vc_custom_heading][vc_empty_space empty_h=&#8220;1&#8243;][vc_custom_heading heading_semantic=&#8220;h3&#8243; text_font=&#8220;font-197714&#8243; uncode_shortcode_id=&#8220;126841&#8243; text_color_type=&#8220;uncode-solid&#8220; text_color_solid=&#8220;#e8e2d7&#8243;]Nachhaltigkeitsberichte[\/vc_custom_heading][\/vc_column_inner][\/vc_row_inner][vc_row_inner row_inner_height_percent=&#8220;0&#8243; overlay_alpha=&#8220;50&#8243; gutter_size=&#8220;2&#8243; shift_y=&#8220;0&#8243; z_index=&#8220;0&#8243; uncode_shortcode_id=&#8220;191352&#8243;][vc_column_inner width=&#8220;1\/2&#8243;][vc_button button_color=&#8220;color-uydo&#8220; size=&#8220;btn-xl&#8220; radius=&#8220;btn-circle&#8220; border_animation=&#8220;btn-ripple-in&#8220; wide=&#8220;yes&#8220; outline=&#8220;yes&#8220; border_width=&#8220;1&#8243; link=&#8220;url:https%3A%2F%2Fumegagroup.com%2Fwp-content%2Fuploads%2F2025%2F09%2FSustainability-Report-Umega-2024.pdf|target:_blank&#8220; icon=&#8220;fa fa-download5&#8243; uncode_shortcode_id=&#8220;882021&#8243; button_color_type=&#8220;uncode-palette&#8220;]2024 [PDF][\/vc_button][\/vc_column_inner][vc_column_inner column_width_percent=&#8220;100&#8243; gutter_size=&#8220;3&#8243; overlay_alpha=&#8220;50&#8243; radius=&#8220;lg&#8220; border_style=&#8220;solid&#8220; shift_x=&#8220;0&#8243; shift_y=&#8220;0&#8243; shift_y_down=&#8220;0&#8243; z_index=&#8220;0&#8243; medium_width=&#8220;0&#8243; mobile_width=&#8220;0&#8243; width=&#8220;1\/2&#8243; uncode_shortcode_id=&#8220;103280&#8243; border_color_type=&#8220;uncode-solid&#8220; border_color_solid=&#8220;#ffffff&#8220;][\/vc_column_inner][\/vc_row_inner][\/vc_column][vc_column column_width_percent=&#8220;100&#8243; gutter_size=&#8220;3&#8243; override_padding=&#8220;yes&#8220; column_padding=&#8220;3&#8243; overlay_alpha=&#8220;50&#8243; radius=&#8220;lg&#8220; shift_x=&#8220;0&#8243; shift_y=&#8220;0&#8243; shift_y_down=&#8220;0&#8243; z_index=&#8220;0&#8243; medium_width=&#8220;0&#8243; mobile_width=&#8220;0&#8243; width=&#8220;7\/12&#8243; uncode_shortcode_id=&#8220;341948&#8243; back_color_type=&#8220;uncode-solid&#8220; back_color_solid=&#8220;#e8e2d7&#8243;][vc_custom_heading heading_semantic=&#8220;h6&#8243; text_font=&#8220;font-197714&#8243; text_size=&#8220;h6&#8243; text_weight=&#8220;400&#8243; text_space=&#8220;fontspace-781688&#8243; badge_style=&#8220;yes&#8220; radius=&#8220;xl&#8220; uncode_shortcode_id=&#8220;557648&#8243; back_color_type=&#8220;uncode-solid&#8220; text_color_type=&#8220;uncode-solid&#8220; back_color_solid=&#8220;rgba(0,34,28,0.2)&#8220; text_color_solid=&#8220;#00221c&#8220;]Richtlinien[\/vc_custom_heading][vc_column_text text_lead=&#8220;yes&#8220; uncode_shortcode_id=&#8220;161728&#8243; el_class=&#8220;underline-list&#8220; css=&#8220;.vc_custom_1758612395973{padding-left: 0px !important;}&#8220;]<\/p>\n<h4><a href=\"https:\/\/umegagroup.com\/wp-content\/uploads\/2025\/08\/ethical-business-umega4.pdf\" target=\"_blank\" rel=\"noopener\">Verhaltenskodex f\u00fcr ethisches Gesch\u00e4ftsgebaren<\/a><\/h4>\n<h4><a href=\"https:\/\/umegagroup.com\/wp-content\/uploads\/2025\/08\/environmental-umega2.pdf\" target=\"_blank\" rel=\"noopener\">Umweltrichtlinie<\/a><\/h4>\n<h4><a href=\"https:\/\/umegagroup.com\/wp-content\/uploads\/2025\/08\/ethical-umega3.pdf\" target=\"_blank\" rel=\"noopener\">Verhaltenskodex f\u00fcr ethische Besch\u00e4ftigung<\/a><\/h4>\n<h4><a href=\"https:\/\/umegagroup.com\/wp-content\/uploads\/2025\/08\/suppliers-umega2.pdf\" target=\"_blank\" rel=\"noopener\">Lieferantenverhaltenskodex<\/a><\/h4>\n<h4><a href=\"https:\/\/umegagroup.com\/wp-content\/uploads\/2025\/08\/equal-umega3.pdf\" target=\"_blank\" rel=\"noopener\">Richtlinie f\u00fcr Chancengleichheit<\/a><\/h4>\n<h4><a href=\"https:\/\/umegagroup.com\/wp-content\/uploads\/2025\/08\/hs-umega2.pdf\">Gesundheits- und Sicherheitsrichtlinie<\/a><\/h4>\n<h4><a href=\"https:\/\/umegagroup.com\/wp-content\/uploads\/2025\/08\/human-rights-umega2.pdf\" target=\"_blank\" rel=\"noopener\">Menschenrechtsrichtlinie<\/a><\/h4>\n<h4><a href=\"https:\/\/umegagroup.com\/wp-content\/uploads\/2025\/06\/vhp-umega.pdf\" target=\"_blank\" rel=\"noopener\">Richtlinie zur Verhinderung von Gewalt und Bel\u00e4stigung<\/a><\/h4>\n<h4><a href=\"https:\/\/umegagroup.com\/wp-content\/uploads\/2025\/09\/cyber-policy.pdf\" target=\"_blank\" rel=\"noopener\"><span data-olk-copy-source=\"MessageBody\">Cyber-Sicherheitsrichtlinie<\/span><\/a><\/h4>\n<h4><a href=\"https:\/\/umegagroup.com\/wp-content\/uploads\/2025\/09\/sustainable-procurement.pdf\" target=\"_blank\" rel=\"noopener\">Nachhaltige Beschaffungspolitik<\/a><\/h4>\n<h4><a href=\"https:\/\/umegagroup.com\/wp-content\/uploads\/2025\/09\/IT-policy.pdf\" target=\"_blank\" rel=\"noopener\">IT-Sicherheitsrichtlinie<\/a><\/h4>\n<p>[\/vc_column_text][\/vc_column][\/vc_row][vc_row][vc_column width=&#8220;1\/1&#8243;][uncode_block id=&#8220;157198&#8243;][\/vc_column][\/vc_row]<\/p>\n<\/div>","protected":false},"excerpt":{"rendered":"<p>[vc_row unlock_row_content=&#8220;yes&#8220; row_height_percent=&#8220;0&#8243; override_padding=&#8220;yes&#8220; h_padding=&#8220;5&#8243; top_padding=&#8220;7&#8243; bottom_padding=&#8220;4&#8243; back_image=&#8220;155934&#8243; back_repeat=&#8220;no-repeat&#8220; back_position=&#8220;center top&#8220; overlay_alpha=&#8220;50&#8243; overlay_color_blend=&#8220;multiply&#8220; overlay_animated=&#8220;yes&#8220; overlay_animated_speed=&#8220;100&#8243; overlay_animated_size=&#8220;0.7&#8243; gutter_size=&#8220;3&#8243; column_width_percent=&#8220;100&#8243; shift_y=&#8220;0&#8243; z_index=&#8220;0&#8243; [&hellip;]<\/p>\n","protected":false},"author":1,"featured_media":0,"parent":0,"menu_order":0,"comment_status":"closed","ping_status":"closed","template":"","meta":{"footnotes":""},"class_list":["post-157205","page","type-page","status-publish","hentry"],"_links":{"self":[{"href":"https:\/\/umegagroup.com\/de\/wp-json\/wp\/v2\/pages\/157205","targetHints":{"allow":["GET"]}}],"collection":[{"href":"https:\/\/umegagroup.com\/de\/wp-json\/wp\/v2\/pages"}],"about":[{"href":"https:\/\/umegagroup.com\/de\/wp-json\/wp\/v2\/types\/page"}],"author":[{"embeddable":true,"href":"https:\/\/umegagroup.com\/de\/wp-json\/wp\/v2\/users\/1"}],"replies":[{"embeddable":true,"href":"https:\/\/umegagroup.com\/de\/wp-json\/wp\/v2\/comments?post=157205"}],"version-history":[{"count":12,"href":"https:\/\/umegagroup.com\/de\/wp-json\/wp\/v2\/pages\/157205\/revisions"}],"predecessor-version":[{"id":157462,"href":"https:\/\/umegagroup.com\/de\/wp-json\/wp\/v2\/pages\/157205\/revisions\/157462"}],"wp:attachment":[{"href":"https:\/\/umegagroup.com\/de\/wp-json\/wp\/v2\/media?parent=157205"}],"curies":[{"name":"wp","href":"https:\/\/api.w.org\/{rel}","templated":true}]}}